{"id":106,"date":"2023-05-04T23:26:10","date_gmt":"2023-05-04T21:26:10","guid":{"rendered":"https:\/\/regina-fronhoffs.de\/?page_id=106"},"modified":"2025-01-28T01:05:07","modified_gmt":"2025-01-28T00:05:07","slug":"impressum","status":"publish","type":"page","link":"https:\/\/regina-fronhoffs.de\/en\/impressum\/","title":{"rendered":"Impressum"},"content":{"rendered":"<div data-elementor-type=\"wp-page\" data-elementor-id=\"106\" class=\"elementor elementor-106\">\n\t\t\t\t\t\t<section class=\"elementor-section elementor-top-section elementor-element elementor-element-14171b7a elementor-section-boxed elementor-section-height-default elementor-section-height-default\" data-id=\"14171b7a\" data-element_type=\"section\" data-settings=\"{&quot;background_background&quot;:&quot;classic&quot;}\">\n\t\t\t\t\t\t\t<div class=\"elementor-background-overlay\"><\/div>\n\t\t\t\t\t\t\t<div class=\"elementor-container elementor-column-gap-default\">\n\t\t\t\t\t<div class=\"elementor-column elementor-col-50 elementor-top-column elementor-element elementor-element-61d6372d\" data-id=\"61d6372d\" data-element_type=\"column\">\n\t\t\t<div class=\"elementor-widget-wrap elementor-element-populated\">\n\t\t\t\t\t\t<div class=\"elementor-element elementor-element-5e8c9ca7 elementor-invisible elementor-widget elementor-widget-heading\" data-id=\"5e8c9ca7\" data-element_type=\"widget\" data-settings=\"{&quot;_animation&quot;:&quot;fadeIn&quot;}\" data-widget_type=\"heading.default\">\n\t\t\t\t<div class=\"elementor-widget-container\">\n\t\t\t\t\t<h1 class=\"elementor-heading-title elementor-size-default\">Impressum<\/h1>\t\t\t\t<\/div>\n\t\t\t\t<\/div>\n\t\t\t\t\t<\/div>\n\t\t<\/div>\n\t\t\t\t<div class=\"elementor-column elementor-col-50 elementor-top-column elementor-element elementor-element-4594d4c5\" data-id=\"4594d4c5\" data-element_type=\"column\">\n\t\t\t<div class=\"elementor-widget-wrap elementor-element-populated\">\n\t\t\t\t\t\t<section class=\"elementor-section elementor-inner-section elementor-element elementor-element-5dd74168 elementor-section-boxed elementor-section-height-default elementor-section-height-default\" data-id=\"5dd74168\" data-element_type=\"section\" data-settings=\"{&quot;animation&quot;:&quot;none&quot;}\">\n\t\t\t\t\t\t<div class=\"elementor-container elementor-column-gap-default\">\n\t\t\t\t\t<div class=\"elementor-column elementor-col-100 elementor-inner-column elementor-element elementor-element-7f27a8da\" data-id=\"7f27a8da\" data-element_type=\"column\" data-settings=\"{&quot;animation&quot;:&quot;none&quot;}\">\n\t\t\t<div class=\"elementor-widget-wrap elementor-element-populated\">\n\t\t\t\t\t\t<div class=\"elementor-element elementor-element-4b3e85e2 animated-slow elementor-widget elementor-widget-image\" data-id=\"4b3e85e2\" data-element_type=\"widget\" data-settings=\"{&quot;_animation&quot;:&quot;none&quot;}\" data-widget_type=\"image.default\">\n\t\t\t\t<div class=\"elementor-widget-container\">\n\t\t\t\t\t\t\t\t\t\t\t\t\t\t\t<img fetchpriority=\"high\" decoding=\"async\" width=\"1162\" height=\"1217\" src=\"https:\/\/regina-fronhoffs.de\/wp-content\/uploads\/2023\/06\/girl_tree-1.png\" class=\"attachment-full size-full wp-image-679\" alt=\"girl_tree\" srcset=\"https:\/\/regina-fronhoffs.de\/wp-content\/uploads\/2023\/06\/girl_tree-1.png 1162w, https:\/\/regina-fronhoffs.de\/wp-content\/uploads\/2023\/06\/girl_tree-1-286x300.png 286w, https:\/\/regina-fronhoffs.de\/wp-content\/uploads\/2023\/06\/girl_tree-1-978x1024.png 978w, https:\/\/regina-fronhoffs.de\/wp-content\/uploads\/2023\/06\/girl_tree-1-768x804.png 768w, https:\/\/regina-fronhoffs.de\/wp-content\/uploads\/2023\/06\/girl_tree-1-11x12.png 11w\" sizes=\"(max-width: 1162px) 100vw, 1162px\" \/>\t\t\t\t\t\t\t\t\t\t\t\t\t\t\t<\/div>\n\t\t\t\t<\/div>\n\t\t\t\t\t<\/div>\n\t\t<\/div>\n\t\t\t\t\t<\/div>\n\t\t<\/section>\n\t\t\t\t\t<\/div>\n\t\t<\/div>\n\t\t\t\t\t<\/div>\n\t\t<\/section>\n\t\t<div class=\"elementor-element elementor-element-925b61e e-flex e-con-boxed e-con e-parent\" data-id=\"925b61e\" data-element_type=\"container\">\n\t\t\t\t\t<div class=\"e-con-inner\">\n\t\t\t\t<div class=\"elementor-element elementor-element-3913421 elementor-widget elementor-widget-text-editor\" data-id=\"3913421\" data-element_type=\"widget\" data-widget_type=\"text-editor.default\">\n\t\t\t\t<div class=\"elementor-widget-container\">\n\t\t\t\t\t\t\t\t\t<p><strong>Angaben gem\u00e4\u00df \u00a7 5 TMG:<\/strong><\/p><p>Regina Fronhoffs\u00a0<\/p><p><i>Psychologin (M.A.), Heilpraktikerin f\u00fcr Psychotherapie, Psychoonkologin, Diplom-Betriebswirtin<\/i><\/p><p>Pariser Str.\u00a0<br \/>10719 Berlin<\/p><p>Kontakt:<\/p><p>Telefon: +49\u00a0172 8113518<\/p><p>Email: <a href=\"mailto:praxis@regina-fronhoffs.de\">praxis@regina-fronhoffs.de<\/a><\/p><p>Quellenangaben f\u00fcr die verwendeten Bilder und Grafiken:<\/p><p><a href=\"https:\/\/www.stock.adobe.com\">https:\/\/www.stock.adobe.com<\/a><\/p><p><a href=\"https:\/\/www.unsplash.com\">https:\/\/www.unsplash.com<\/a><\/p><p>Haftungsausschluss (Disclaimer)<\/p><p><strong>Haftung f\u00fcr Inhalte<\/strong><\/p><p>Als Diensteanbieter sind wir gem\u00e4\u00df \u00a7 7 Abs.1 TMG f\u00fcr eigene Inhalte auf diesen Seiten nach den allgemeinen Gesetzen verantwortlich. Nach \u00a7\u00a7 8 bis 10 TMG sind wir als Diensteanbieter jedoch nicht verpflichtet, \u00fcbermittelte oder gespeicherte fremde Informationen zu \u00fcberwachen oder nach Umst\u00e4nden zu forschen, die auf eine rechtswidrige T\u00e4tigkeit hinweisen. Verpflichtungen zur Entfernung oder Sperrung der Nutzung von Informationen nach den allgemeinen Gesetzen bleiben hiervon unber\u00fchrt. Eine diesbez\u00fcgliche Haftung ist jedoch erst ab dem Zeitpunkt der Kenntnis einer konkreten Rechtsverletzung m\u00f6glich. Bei Bekanntwerden von entsprechenden Rechtsverletzungen werden wir diese Inhalte umgehend entfernen.<\/p><p><strong>Haftung f\u00fcr Links<\/strong><\/p><p>Unser Angebot enth\u00e4lt Links zu externen Webseiten Dritter, auf deren Inhalte wir keinen Einfluss haben. Deshalb k\u00f6nnen wir f\u00fcr diese fremden Inhalte auch keine Gew\u00e4hr \u00fcbernehmen. F\u00fcr die Inhalte der verlinkten Seiten ist stets der jeweilige Anbieter oder Betreiber der Seiten verantwortlich. Die verlinkten Seiten wurden zum Zeitpunkt der Verlinkung auf m\u00f6gliche Rechtsverst\u00f6\u00dfe \u00fcberpr\u00fcft. Rechtswidrige Inhalte waren zum Zeitpunkt der Verlinkung nicht erkennbar. Eine permanente inhaltliche Kontrolle der verlinkten Seiten ist jedoch ohne konkrete Anhaltspunkte einer Rechtsverletzung nicht zumutbar. Bei Bekanntwerden von Rechtsverletzungen werden wir derartige Links umgehend entfernen.<\/p><p><strong>Urheberrecht<\/strong><\/p><p>Die durch die Seitenbetreiber erstellten Inhalte und Werke auf diesen Seiten unterliegen dem deutschen Urheberrecht. Die Vervielf\u00e4ltigung, Bearbeitung, Verbreitung und jede Art der Verwertung au\u00dferhalb der Grenzen des Urheberrechtes bed\u00fcrfen der schriftlichen Zustimmung des jeweiligen Autors bzw. Erstellers. Downloads und Kopien dieser Seite sind nur f\u00fcr den privaten, nicht kommerziellen Gebrauch gestattet. Soweit die Inhalte auf dieser Seite nicht vom Betreiber erstellt wurden, werden die Urheberrechte Dritter beachtet. Insbesondere werden Inhalte Dritter als solche gekennzeichnet. Sollten Sie trotzdem auf eine Urheberrechtsverletzung aufmerksam werden, bitten wir um einen entsprechenden Hinweis. Bei Bekanntwerden von Rechtsverletzungen werden wir derartige Inhalte umgehend entfernen.<\/p><p>Quelle: <a href=\"http:\/\/www.e-recht24.de\/\">http:\/\/www.e-recht24.de<\/a><\/p>\t\t\t\t\t\t\t\t<\/div>\n\t\t\t\t<\/div>\n\t\t\t\t\t<\/div>\n\t\t\t\t<\/div>\n\t\t\t\t<section class=\"elementor-section elementor-top-section elementor-element elementor-element-cc3b3d1 elementor-section-content-middle elementor-section-boxed elementor-section-height-default elementor-section-height-default\" data-id=\"cc3b3d1\" data-element_type=\"section\" data-settings=\"{&quot;background_background&quot;:&quot;classic&quot;}\">\n\t\t\t\t\t\t\t<div class=\"elementor-background-overlay\"><\/div>\n\t\t\t\t\t\t\t<div class=\"elementor-container elementor-column-gap-default\">\n\t\t\t\t\t<div class=\"elementor-column elementor-col-50 elementor-top-column elementor-element elementor-element-b9e3e9\" data-id=\"b9e3e9\" data-element_type=\"column\">\n\t\t\t<div class=\"elementor-widget-wrap elementor-element-populated\">\n\t\t\t\t\t\t<div class=\"elementor-element elementor-element-8789605 elementor-widget elementor-widget-image\" data-id=\"8789605\" data-element_type=\"widget\" data-widget_type=\"image.default\">\n\t\t\t\t<div class=\"elementor-widget-container\">\n\t\t\t\t\t\t\t\t\t\t\t\t\t\t\t<img decoding=\"async\" width=\"1024\" height=\"838\" src=\"https:\/\/regina-fronhoffs.de\/wp-content\/uploads\/2023\/07\/can-we-talk-1024x838.jpeg\" class=\"attachment-large size-large wp-image-940\" alt=\"Can We Talk?\" srcset=\"https:\/\/regina-fronhoffs.de\/wp-content\/uploads\/2023\/07\/can-we-talk-1024x838.jpeg 1024w, https:\/\/regina-fronhoffs.de\/wp-content\/uploads\/2023\/07\/can-we-talk-300x245.jpeg 300w, https:\/\/regina-fronhoffs.de\/wp-content\/uploads\/2023\/07\/can-we-talk-768x628.jpeg 768w, https:\/\/regina-fronhoffs.de\/wp-content\/uploads\/2023\/07\/can-we-talk-1536x1256.jpeg 1536w, https:\/\/regina-fronhoffs.de\/wp-content\/uploads\/2023\/07\/can-we-talk-2048x1675.jpeg 2048w, https:\/\/regina-fronhoffs.de\/wp-content\/uploads\/2023\/07\/can-we-talk-15x12.jpeg 15w\" sizes=\"(max-width: 1024px) 100vw, 1024px\" \/>\t\t\t\t\t\t\t\t\t\t\t\t\t\t\t<\/div>\n\t\t\t\t<\/div>\n\t\t\t\t\t<\/div>\n\t\t<\/div>\n\t\t\t\t<div class=\"elementor-column elementor-col-50 elementor-top-column elementor-element elementor-element-4d2d922b\" data-id=\"4d2d922b\" data-element_type=\"column\">\n\t\t\t<div class=\"elementor-widget-wrap elementor-element-populated\">\n\t\t\t\t\t\t<div class=\"elementor-element elementor-element-3e392d34 elementor-align-center elementor-tablet-align-center elementor-widget elementor-widget-button\" data-id=\"3e392d34\" data-element_type=\"widget\" data-widget_type=\"button.default\">\n\t\t\t\t<div class=\"elementor-widget-container\">\n\t\t\t\t\t\t\t\t\t<div class=\"elementor-button-wrapper\">\n\t\t\t\t\t<a class=\"elementor-button elementor-button-link elementor-size-xl elementor-animation-shrink\" href=\"https:\/\/regina-fronhoffs.de\/en\/kontakt\/\">\n\t\t\t\t\t\t<span class=\"elementor-button-content-wrapper\">\n\t\t\t\t\t\t<span class=\"elementor-button-icon\">\n\t\t\t\t<i aria-hidden=\"true\" class=\"far fa-calendar-check\"><\/i>\t\t\t<\/span>\n\t\t\t\t\t\t\t\t\t<span class=\"elementor-button-text\">Make an appointment<\/span>\n\t\t\t\t\t<\/span>\n\t\t\t\t\t<\/a>\n\t\t\t\t<\/div>\n\t\t\t\t\t\t\t\t<\/div>\n\t\t\t\t<\/div>\n\t\t\t\t\t<\/div>\n\t\t<\/div>\n\t\t\t\t\t<\/div>\n\t\t<\/section>\n\t\t\t\t<\/div>","protected":false},"excerpt":{"rendered":"<p>Impressum Angaben gem\u00e4\u00df \u00a7 5 TMG: Regina Fronhoffs\u00a0 Psychologin (M.A.), Heilpraktikerin f\u00fcr Psychotherapie, Psychoonkologin, Diplom-Betriebswirtin Pariser Str.\u00a010719 Berlin Kontakt: Telefon: +49\u00a0172 8113518 Email: praxis@regina-fronhoffs.de Quellenangaben f\u00fcr die verwendeten Bilder und Grafiken: https:\/\/www.stock.adobe.com https:\/\/www.unsplash.com Haftungsausschluss (Disclaimer) Haftung f\u00fcr Inhalte Als Diensteanbieter sind wir gem\u00e4\u00df \u00a7 7 Abs.1 TMG f\u00fcr eigene Inhalte auf diesen Seiten nach den [&hellip;]<\/p>\n","protected":false},"author":1,"featured_media":0,"parent":0,"menu_order":0,"comment_status":"closed","ping_status":"closed","template":"","meta":{"footnotes":""},"class_list":["post-106","page","type-page","status-publish","hentry","entry"],"yoast_head":"<!-- This site is optimized with the Yoast SEO plugin v27.3 - https:\/\/yoast.com\/product\/yoast-seo-wordpress\/ -->\n<title>Impressum - Psychotherapie und Coaching<\/title>\n<meta name=\"robots\" content=\"index, follow, max-snippet:-1, max-image-preview:large, max-video-preview:-1\" \/>\n<link rel=\"canonical\" href=\"https:\/\/regina-fronhoffs.de\/en\/impressum\/\" \/>\n<meta property=\"og:locale\" content=\"en_US\" \/>\n<meta property=\"og:type\" content=\"article\" \/>\n<meta property=\"og:title\" content=\"Impressum - Psychotherapie und Coaching\" \/>\n<meta property=\"og:description\" content=\"Impressum Angaben gem\u00e4\u00df \u00a7 5 TMG: Regina Fronhoffs\u00a0 Psychologin (M.A.), Heilpraktikerin f\u00fcr Psychotherapie, Psychoonkologin, Diplom-Betriebswirtin Pariser Str.\u00a010719 Berlin Kontakt: Telefon: +49\u00a0172 8113518 Email: praxis@regina-fronhoffs.de Quellenangaben f\u00fcr die verwendeten Bilder und Grafiken: https:\/\/www.stock.adobe.com https:\/\/www.unsplash.com Haftungsausschluss (Disclaimer) Haftung f\u00fcr Inhalte Als Diensteanbieter sind wir gem\u00e4\u00df \u00a7 7 Abs.1 TMG f\u00fcr eigene Inhalte auf diesen Seiten nach den [&hellip;]\" \/>\n<meta property=\"og:url\" content=\"https:\/\/regina-fronhoffs.de\/en\/impressum\/\" \/>\n<meta property=\"og:site_name\" content=\"Psychotherapie und Coaching\" \/>\n<meta property=\"article:modified_time\" content=\"2025-01-28T00:05:07+00:00\" \/>\n<meta property=\"og:image\" content=\"https:\/\/regina-fronhoffs.de\/wp-content\/uploads\/2023\/06\/girl_tree-1.png\" \/>\n\t<meta property=\"og:image:width\" content=\"1162\" \/>\n\t<meta property=\"og:image:height\" content=\"1217\" \/>\n\t<meta property=\"og:image:type\" content=\"image\/png\" \/>\n<meta name=\"twitter:card\" content=\"summary_large_image\" \/>\n<meta name=\"twitter:label1\" content=\"Est. reading time\" \/>\n\t<meta name=\"twitter:data1\" content=\"3 minutes\" \/>\n<script type=\"application\/ld+json\" class=\"yoast-schema-graph\">{\"@context\":\"https:\\\/\\\/schema.org\",\"@graph\":[{\"@type\":\"WebPage\",\"@id\":\"https:\\\/\\\/regina-fronhoffs.de\\\/impressum\\\/\",\"url\":\"https:\\\/\\\/regina-fronhoffs.de\\\/impressum\\\/\",\"name\":\"Impressum - Psychotherapie und Coaching\",\"isPartOf\":{\"@id\":\"https:\\\/\\\/regina-fronhoffs.de\\\/#website\"},\"primaryImageOfPage\":{\"@id\":\"https:\\\/\\\/regina-fronhoffs.de\\\/impressum\\\/#primaryimage\"},\"image\":{\"@id\":\"https:\\\/\\\/regina-fronhoffs.de\\\/impressum\\\/#primaryimage\"},\"thumbnailUrl\":\"https:\\\/\\\/regina-fronhoffs.de\\\/wp-content\\\/uploads\\\/2023\\\/06\\\/girl_tree-1.png\",\"datePublished\":\"2023-05-04T21:26:10+00:00\",\"dateModified\":\"2025-01-28T00:05:07+00:00\",\"breadcrumb\":{\"@id\":\"https:\\\/\\\/regina-fronhoffs.de\\\/impressum\\\/#breadcrumb\"},\"inLanguage\":\"en-US\",\"potentialAction\":[{\"@type\":\"ReadAction\",\"target\":[\"https:\\\/\\\/regina-fronhoffs.de\\\/impressum\\\/\"]}]},{\"@type\":\"ImageObject\",\"inLanguage\":\"en-US\",\"@id\":\"https:\\\/\\\/regina-fronhoffs.de\\\/impressum\\\/#primaryimage\",\"url\":\"https:\\\/\\\/regina-fronhoffs.de\\\/wp-content\\\/uploads\\\/2023\\\/06\\\/girl_tree-1.png\",\"contentUrl\":\"https:\\\/\\\/regina-fronhoffs.de\\\/wp-content\\\/uploads\\\/2023\\\/06\\\/girl_tree-1.png\"},{\"@type\":\"BreadcrumbList\",\"@id\":\"https:\\\/\\\/regina-fronhoffs.de\\\/impressum\\\/#breadcrumb\",\"itemListElement\":[{\"@type\":\"ListItem\",\"position\":1,\"name\":\"Startseite\",\"item\":\"https:\\\/\\\/regina-fronhoffs.de\\\/\"},{\"@type\":\"ListItem\",\"position\":2,\"name\":\"Impressum\"}]},{\"@type\":\"WebSite\",\"@id\":\"https:\\\/\\\/regina-fronhoffs.de\\\/#website\",\"url\":\"https:\\\/\\\/regina-fronhoffs.de\\\/\",\"name\":\"Psychotherapie und Coaching\",\"description\":\"private Praxis in Berlin-Wilmersdorf\",\"publisher\":{\"@id\":\"https:\\\/\\\/regina-fronhoffs.de\\\/#organization\"},\"potentialAction\":[{\"@type\":\"SearchAction\",\"target\":{\"@type\":\"EntryPoint\",\"urlTemplate\":\"https:\\\/\\\/regina-fronhoffs.de\\\/?s={search_term_string}\"},\"query-input\":{\"@type\":\"PropertyValueSpecification\",\"valueRequired\":true,\"valueName\":\"search_term_string\"}}],\"inLanguage\":\"en-US\"},{\"@type\":\"Organization\",\"@id\":\"https:\\\/\\\/regina-fronhoffs.de\\\/#organization\",\"name\":\"Psychotherapie und Coaching\",\"url\":\"https:\\\/\\\/regina-fronhoffs.de\\\/\",\"logo\":{\"@type\":\"ImageObject\",\"inLanguage\":\"en-US\",\"@id\":\"https:\\\/\\\/regina-fronhoffs.de\\\/#\\\/schema\\\/logo\\\/image\\\/\",\"url\":\"https:\\\/\\\/regina-fronhoffs.de\\\/wp-content\\\/uploads\\\/2023\\\/05\\\/cropped-logoneu4.png\",\"contentUrl\":\"https:\\\/\\\/regina-fronhoffs.de\\\/wp-content\\\/uploads\\\/2023\\\/05\\\/cropped-logoneu4.png\",\"width\":7466,\"height\":2046,\"caption\":\"Psychotherapie und Coaching\"},\"image\":{\"@id\":\"https:\\\/\\\/regina-fronhoffs.de\\\/#\\\/schema\\\/logo\\\/image\\\/\"}}]}<\/script>\n<!-- \/ Yoast SEO plugin. -->","yoast_head_json":{"title":"Impressum - Psychotherapie und Coaching","robots":{"index":"index","follow":"follow","max-snippet":"max-snippet:-1","max-image-preview":"max-image-preview:large","max-video-preview":"max-video-preview:-1"},"canonical":"https:\/\/regina-fronhoffs.de\/en\/impressum\/","og_locale":"en_US","og_type":"article","og_title":"Impressum - Psychotherapie und Coaching","og_description":"Impressum Angaben gem\u00e4\u00df \u00a7 5 TMG: Regina Fronhoffs\u00a0 Psychologin (M.A.), Heilpraktikerin f\u00fcr Psychotherapie, Psychoonkologin, Diplom-Betriebswirtin Pariser Str.\u00a010719 Berlin Kontakt: Telefon: +49\u00a0172 8113518 Email: praxis@regina-fronhoffs.de Quellenangaben f\u00fcr die verwendeten Bilder und Grafiken: https:\/\/www.stock.adobe.com https:\/\/www.unsplash.com Haftungsausschluss (Disclaimer) Haftung f\u00fcr Inhalte Als Diensteanbieter sind wir gem\u00e4\u00df \u00a7 7 Abs.1 TMG f\u00fcr eigene Inhalte auf diesen Seiten nach den [&hellip;]","og_url":"https:\/\/regina-fronhoffs.de\/en\/impressum\/","og_site_name":"Psychotherapie und Coaching","article_modified_time":"2025-01-28T00:05:07+00:00","og_image":[{"width":1162,"height":1217,"url":"https:\/\/regina-fronhoffs.de\/wp-content\/uploads\/2023\/06\/girl_tree-1.png","type":"image\/png"}],"twitter_card":"summary_large_image","twitter_misc":{"Est. reading time":"3 minutes"},"schema":{"@context":"https:\/\/schema.org","@graph":[{"@type":"WebPage","@id":"https:\/\/regina-fronhoffs.de\/impressum\/","url":"https:\/\/regina-fronhoffs.de\/impressum\/","name":"Impressum - Psychotherapie und Coaching","isPartOf":{"@id":"https:\/\/regina-fronhoffs.de\/#website"},"primaryImageOfPage":{"@id":"https:\/\/regina-fronhoffs.de\/impressum\/#primaryimage"},"image":{"@id":"https:\/\/regina-fronhoffs.de\/impressum\/#primaryimage"},"thumbnailUrl":"https:\/\/regina-fronhoffs.de\/wp-content\/uploads\/2023\/06\/girl_tree-1.png","datePublished":"2023-05-04T21:26:10+00:00","dateModified":"2025-01-28T00:05:07+00:00","breadcrumb":{"@id":"https:\/\/regina-fronhoffs.de\/impressum\/#breadcrumb"},"inLanguage":"en-US","potentialAction":[{"@type":"ReadAction","target":["https:\/\/regina-fronhoffs.de\/impressum\/"]}]},{"@type":"ImageObject","inLanguage":"en-US","@id":"https:\/\/regina-fronhoffs.de\/impressum\/#primaryimage","url":"https:\/\/regina-fronhoffs.de\/wp-content\/uploads\/2023\/06\/girl_tree-1.png","contentUrl":"https:\/\/regina-fronhoffs.de\/wp-content\/uploads\/2023\/06\/girl_tree-1.png"},{"@type":"BreadcrumbList","@id":"https:\/\/regina-fronhoffs.de\/impressum\/#breadcrumb","itemListElement":[{"@type":"ListItem","position":1,"name":"Startseite","item":"https:\/\/regina-fronhoffs.de\/"},{"@type":"ListItem","position":2,"name":"Impressum"}]},{"@type":"WebSite","@id":"https:\/\/regina-fronhoffs.de\/#website","url":"https:\/\/regina-fronhoffs.de\/","name":"Psychotherapie und Coaching","description":"private Praxis in Berlin-Wilmersdorf","publisher":{"@id":"https:\/\/regina-fronhoffs.de\/#organization"},"potentialAction":[{"@type":"SearchAction","target":{"@type":"EntryPoint","urlTemplate":"https:\/\/regina-fronhoffs.de\/?s={search_term_string}"},"query-input":{"@type":"PropertyValueSpecification","valueRequired":true,"valueName":"search_term_string"}}],"inLanguage":"en-US"},{"@type":"Organization","@id":"https:\/\/regina-fronhoffs.de\/#organization","name":"Psychotherapie und Coaching","url":"https:\/\/regina-fronhoffs.de\/","logo":{"@type":"ImageObject","inLanguage":"en-US","@id":"https:\/\/regina-fronhoffs.de\/#\/schema\/logo\/image\/","url":"https:\/\/regina-fronhoffs.de\/wp-content\/uploads\/2023\/05\/cropped-logoneu4.png","contentUrl":"https:\/\/regina-fronhoffs.de\/wp-content\/uploads\/2023\/05\/cropped-logoneu4.png","width":7466,"height":2046,"caption":"Psychotherapie und Coaching"},"image":{"@id":"https:\/\/regina-fronhoffs.de\/#\/schema\/logo\/image\/"}}]}},"_links":{"self":[{"href":"https:\/\/regina-fronhoffs.de\/en\/wp-json\/wp\/v2\/pages\/106","targetHints":{"allow":["GET"]}}],"collection":[{"href":"https:\/\/regina-fronhoffs.de\/en\/wp-json\/wp\/v2\/pages"}],"about":[{"href":"https:\/\/regina-fronhoffs.de\/en\/wp-json\/wp\/v2\/types\/page"}],"author":[{"embeddable":true,"href":"https:\/\/regina-fronhoffs.de\/en\/wp-json\/wp\/v2\/users\/1"}],"replies":[{"embeddable":true,"href":"https:\/\/regina-fronhoffs.de\/en\/wp-json\/wp\/v2\/comments?post=106"}],"version-history":[{"count":43,"href":"https:\/\/regina-fronhoffs.de\/en\/wp-json\/wp\/v2\/pages\/106\/revisions"}],"predecessor-version":[{"id":1665,"href":"https:\/\/regina-fronhoffs.de\/en\/wp-json\/wp\/v2\/pages\/106\/revisions\/1665"}],"wp:attachment":[{"href":"https:\/\/regina-fronhoffs.de\/en\/wp-json\/wp\/v2\/media?parent=106"}],"curies":[{"name":"wp","href":"https:\/\/api.w.org\/{rel}","templated":true}]}}