{"id":1489,"date":"2025-01-13T13:57:15","date_gmt":"2025-01-13T12:57:15","guid":{"rendered":"https:\/\/regina-fronhoffs.de\/?page_id=1489"},"modified":"2025-01-27T23:19:17","modified_gmt":"2025-01-27T22:19:17","slug":"praxis-schwerpunkte","status":"publish","type":"page","link":"https:\/\/regina-fronhoffs.de\/en\/praxis-schwerpunkte\/","title":{"rendered":"Practice focuses"},"content":{"rendered":"<div data-elementor-type=\"wp-page\" data-elementor-id=\"1489\" class=\"elementor elementor-1489\">\n\t\t\t\t\t\t<section class=\"elementor-section elementor-top-section elementor-element elementor-element-6ffb63d6 elementor-section-boxed elementor-section-height-default elementor-section-height-default\" data-id=\"6ffb63d6\" data-element_type=\"section\" data-settings=\"{&quot;background_background&quot;:&quot;classic&quot;}\">\n\t\t\t\t\t\t\t<div class=\"elementor-background-overlay\"><\/div>\n\t\t\t\t\t\t\t<div class=\"elementor-container elementor-column-gap-default\">\n\t\t\t\t\t<div class=\"elementor-column elementor-col-50 elementor-top-column elementor-element elementor-element-396992ef\" data-id=\"396992ef\" data-element_type=\"column\">\n\t\t\t<div class=\"elementor-widget-wrap elementor-element-populated\">\n\t\t\t\t\t\t<div class=\"elementor-element elementor-element-3c05162d elementor-invisible elementor-widget elementor-widget-heading\" data-id=\"3c05162d\" data-element_type=\"widget\" data-settings=\"{&quot;_animation&quot;:&quot;fadeIn&quot;}\" data-widget_type=\"heading.default\">\n\t\t\t\t<div class=\"elementor-widget-container\">\n\t\t\t\t\t<h1 class=\"elementor-heading-title elementor-size-default\">Praxisschwerpunkte<\/h1>\t\t\t\t<\/div>\n\t\t\t\t<\/div>\n\t\t\t\t\t<\/div>\n\t\t<\/div>\n\t\t\t\t<div class=\"elementor-column elementor-col-50 elementor-top-column elementor-element elementor-element-a46d7ca\" data-id=\"a46d7ca\" data-element_type=\"column\">\n\t\t\t<div class=\"elementor-widget-wrap elementor-element-populated\">\n\t\t\t\t\t\t<section class=\"elementor-section elementor-inner-section elementor-element elementor-element-7472b7ba elementor-section-boxed elementor-section-height-default elementor-section-height-default\" data-id=\"7472b7ba\" data-element_type=\"section\" data-settings=\"{&quot;animation&quot;:&quot;none&quot;}\">\n\t\t\t\t\t\t<div class=\"elementor-container elementor-column-gap-default\">\n\t\t\t\t\t<div class=\"elementor-column elementor-col-100 elementor-inner-column elementor-element elementor-element-7f025250\" data-id=\"7f025250\" data-element_type=\"column\" data-settings=\"{&quot;animation&quot;:&quot;none&quot;}\">\n\t\t\t<div class=\"elementor-widget-wrap elementor-element-populated\">\n\t\t\t\t\t\t<div class=\"elementor-element elementor-element-750c570b animated-slow elementor-widget elementor-widget-image\" data-id=\"750c570b\" data-element_type=\"widget\" data-settings=\"{&quot;_animation&quot;:&quot;none&quot;}\" data-widget_type=\"image.default\">\n\t\t\t\t<div class=\"elementor-widget-container\">\n\t\t\t\t\t\t\t\t\t\t\t\t\t\t\t<img fetchpriority=\"high\" decoding=\"async\" width=\"1162\" height=\"1217\" src=\"https:\/\/regina-fronhoffs.de\/wp-content\/uploads\/2023\/06\/girl_tree-1.png\" class=\"attachment-full size-full wp-image-679\" alt=\"girl_tree\" srcset=\"https:\/\/regina-fronhoffs.de\/wp-content\/uploads\/2023\/06\/girl_tree-1.png 1162w, https:\/\/regina-fronhoffs.de\/wp-content\/uploads\/2023\/06\/girl_tree-1-286x300.png 286w, https:\/\/regina-fronhoffs.de\/wp-content\/uploads\/2023\/06\/girl_tree-1-978x1024.png 978w, https:\/\/regina-fronhoffs.de\/wp-content\/uploads\/2023\/06\/girl_tree-1-768x804.png 768w, https:\/\/regina-fronhoffs.de\/wp-content\/uploads\/2023\/06\/girl_tree-1-11x12.png 11w\" sizes=\"(max-width: 1162px) 100vw, 1162px\" \/>\t\t\t\t\t\t\t\t\t\t\t\t\t\t\t<\/div>\n\t\t\t\t<\/div>\n\t\t\t\t\t<\/div>\n\t\t<\/div>\n\t\t\t\t\t<\/div>\n\t\t<\/section>\n\t\t\t\t\t<\/div>\n\t\t<\/div>\n\t\t\t\t\t<\/div>\n\t\t<\/section>\n\t\t\t\t<section class=\"elementor-section elementor-top-section elementor-element elementor-element-545754 elementor-section-boxed elementor-section-height-default elementor-section-height-default\" data-id=\"545754\" data-element_type=\"section\">\n\t\t\t\t\t\t<div class=\"elementor-container elementor-column-gap-default\">\n\t\t\t\t\t<div class=\"elementor-column elementor-col-50 elementor-top-column elementor-element elementor-element-2f88ee0\" data-id=\"2f88ee0\" data-element_type=\"column\">\n\t\t\t<div class=\"elementor-widget-wrap elementor-element-populated\">\n\t\t\t\t\t\t<div class=\"elementor-element elementor-element-faf5844 elementor-widget elementor-widget-image\" data-id=\"faf5844\" data-element_type=\"widget\" data-widget_type=\"image.default\">\n\t\t\t\t<div class=\"elementor-widget-container\">\n\t\t\t\t\t\t\t\t\t\t\t\t\t\t\t<img decoding=\"async\" width=\"1024\" height=\"683\" src=\"https:\/\/regina-fronhoffs.de\/wp-content\/uploads\/2025\/01\/therapie-1024x683.jpeg\" class=\"attachment-large size-large wp-image-1552\" alt=\"Stressed young man touching forehead while sitting on couch and sharing his problems with counselor\" srcset=\"https:\/\/regina-fronhoffs.de\/wp-content\/uploads\/2025\/01\/therapie-1024x683.jpeg 1024w, https:\/\/regina-fronhoffs.de\/wp-content\/uploads\/2025\/01\/therapie-300x200.jpeg 300w, https:\/\/regina-fronhoffs.de\/wp-content\/uploads\/2025\/01\/therapie-768x512.jpeg 768w, https:\/\/regina-fronhoffs.de\/wp-content\/uploads\/2025\/01\/therapie-1536x1024.jpeg 1536w, https:\/\/regina-fronhoffs.de\/wp-content\/uploads\/2025\/01\/therapie-2048x1365.jpeg 2048w, https:\/\/regina-fronhoffs.de\/wp-content\/uploads\/2025\/01\/therapie-18x12.jpeg 18w\" sizes=\"(max-width: 1024px) 100vw, 1024px\" \/>\t\t\t\t\t\t\t\t\t\t\t\t\t\t\t<\/div>\n\t\t\t\t<\/div>\n\t\t\t\t\t<\/div>\n\t\t<\/div>\n\t\t\t\t<div class=\"elementor-column elementor-col-50 elementor-top-column elementor-element elementor-element-314178fc\" data-id=\"314178fc\" data-element_type=\"column\">\n\t\t\t<div class=\"elementor-widget-wrap elementor-element-populated\">\n\t\t\t\t\t\t<div class=\"elementor-element elementor-element-24ba20ac elementor-invisible elementor-widget elementor-widget-text-editor\" data-id=\"24ba20ac\" data-element_type=\"widget\" data-settings=\"{&quot;_animation&quot;:&quot;fadeIn&quot;}\" data-widget_type=\"text-editor.default\">\n\t\t\t\t<div class=\"elementor-widget-container\">\n\t\t\t\t\t\t\t\t\t<p><b>In meiner Praxis stehen Sie als Individuum im Mittelpunkt.<\/b><\/p><p>Ich fokussiere mich auf diverse Behandlungsschwerpunkte, die Ihre pers\u00f6nliche Entwicklung in Phasen von Herausforderung und Ver\u00e4nderung unterst\u00fctzen.\u00a0<\/p>\t\t\t\t\t\t\t\t<\/div>\n\t\t\t\t<\/div>\n\t\t\t\t\t<\/div>\n\t\t<\/div>\n\t\t\t\t\t<\/div>\n\t\t<\/section>\n\t\t<div class=\"elementor-element elementor-element-18c10cc e-flex e-con-boxed e-con e-parent\" data-id=\"18c10cc\" data-element_type=\"container\">\n\t\t\t\t\t<div class=\"e-con-inner\">\n\t\t\t\t<div class=\"elementor-element elementor-element-5e62d29 elementor-invisible elementor-widget elementor-widget-text-editor\" data-id=\"5e62d29\" data-element_type=\"widget\" data-settings=\"{&quot;_animation&quot;:&quot;fadeIn&quot;}\" data-widget_type=\"text-editor.default\">\n\t\t\t\t<div class=\"elementor-widget-container\">\n\t\t\t\t\t\t\t\t\t<p><span style=\"font-size: 18px;\">Dazu geh\u00f6ren:<\/span><\/p>\t\t\t\t\t\t\t\t<\/div>\n\t\t\t\t<\/div>\n\t\t\t\t\t<\/div>\n\t\t\t\t<\/div>\n\t\t\t\t<section class=\"elementor-section elementor-top-section elementor-element elementor-element-11b5785e elementor-section-boxed elementor-section-height-default elementor-section-height-default\" data-id=\"11b5785e\" data-element_type=\"section\">\n\t\t\t\t\t\t<div class=\"elementor-container elementor-column-gap-default\">\n\t\t\t\t\t<div class=\"elementor-column elementor-col-50 elementor-top-column elementor-element elementor-element-1981899d\" data-id=\"1981899d\" data-element_type=\"column\">\n\t\t\t<div class=\"elementor-widget-wrap elementor-element-populated\">\n\t\t\t\t\t\t<div class=\"elementor-element elementor-element-311b316f elementor-align-left elementor-icon-list--layout-traditional elementor-list-item-link-full_width elementor-widget elementor-widget-icon-list\" data-id=\"311b316f\" data-element_type=\"widget\" data-widget_type=\"icon-list.default\">\n\t\t\t\t<div class=\"elementor-widget-container\">\n\t\t\t\t\t\t\t<ul class=\"elementor-icon-list-items\">\n\t\t\t\t\t\t\t<li class=\"elementor-icon-list-item\">\n\t\t\t\t\t\t\t\t\t\t\t<span class=\"elementor-icon-list-icon\">\n\t\t\t\t\t\t\t<i aria-hidden=\"true\" class=\"fas fa-circle\"><\/i>\t\t\t\t\t\t<\/span>\n\t\t\t\t\t\t\t\t\t\t<span class=\"elementor-icon-list-text\">Therapy and coaching for burnout, exhaustion, and stress-related disorders<\/span>\n\t\t\t\t\t\t\t\t\t<\/li>\n\t\t\t\t\t\t\t\t<li class=\"elementor-icon-list-item\">\n\t\t\t\t\t\t\t\t\t\t\t<span class=\"elementor-icon-list-icon\">\n\t\t\t\t\t\t\t<i aria-hidden=\"true\" class=\"fas fa-circle\"><\/i>\t\t\t\t\t\t<\/span>\n\t\t\t\t\t\t\t\t\t\t<span class=\"elementor-icon-list-text\">Coaching for executives in challenging professional and personal life and change situations<\/span>\n\t\t\t\t\t\t\t\t\t<\/li>\n\t\t\t\t\t\t\t\t<li class=\"elementor-icon-list-item\">\n\t\t\t\t\t\t\t\t\t\t\t<span class=\"elementor-icon-list-icon\">\n\t\t\t\t\t\t\t<i aria-hidden=\"true\" class=\"fas fa-circle\"><\/i>\t\t\t\t\t\t<\/span>\n\t\t\t\t\t\t\t\t\t\t<span class=\"elementor-icon-list-text\">Therapy and coaching for adults in threshold and transition situations, e.g., starting a family, developing autonomy, retirement, grief, and loss<\/span>\n\t\t\t\t\t\t\t\t\t<\/li>\n\t\t\t\t\t\t<\/ul>\n\t\t\t\t\t\t<\/div>\n\t\t\t\t<\/div>\n\t\t\t\t\t<\/div>\n\t\t<\/div>\n\t\t\t\t<div class=\"elementor-column elementor-col-50 elementor-top-column elementor-element elementor-element-54cd4ec6\" data-id=\"54cd4ec6\" data-element_type=\"column\">\n\t\t\t<div class=\"elementor-widget-wrap elementor-element-populated\">\n\t\t\t\t\t\t<div class=\"elementor-element elementor-element-4243e44c elementor-align-left elementor-icon-list--layout-traditional elementor-list-item-link-full_width elementor-widget elementor-widget-icon-list\" data-id=\"4243e44c\" data-element_type=\"widget\" data-widget_type=\"icon-list.default\">\n\t\t\t\t<div class=\"elementor-widget-container\">\n\t\t\t\t\t\t\t<ul class=\"elementor-icon-list-items\">\n\t\t\t\t\t\t\t<li class=\"elementor-icon-list-item\">\n\t\t\t\t\t\t\t\t\t\t\t<span class=\"elementor-icon-list-icon\">\n\t\t\t\t\t\t\t<i aria-hidden=\"true\" class=\"fas fa-circle\"><\/i>\t\t\t\t\t\t<\/span>\n\t\t\t\t\t\t\t\t\t\t<span class=\"elementor-icon-list-text\">Psycho-oncological counseling and therapy for cancer patients and loved ones<\/span>\n\t\t\t\t\t\t\t\t\t<\/li>\n\t\t\t\t\t\t\t\t<li class=\"elementor-icon-list-item\">\n\t\t\t\t\t\t\t\t\t\t\t<span class=\"elementor-icon-list-icon\">\n\t\t\t\t\t\t\t<i aria-hidden=\"true\" class=\"fas fa-circle\"><\/i>\t\t\t\t\t\t<\/span>\n\t\t\t\t\t\t\t\t\t\t<span class=\"elementor-icon-list-text\">Treatment of post-traumatic stress disorders, e.g., in cases of violence and abuse<\/span>\n\t\t\t\t\t\t\t\t\t<\/li>\n\t\t\t\t\t\t\t\t<li class=\"elementor-icon-list-item\">\n\t\t\t\t\t\t\t\t\t\t\t<span class=\"elementor-icon-list-icon\">\n\t\t\t\t\t\t\t<i aria-hidden=\"true\" class=\"fas fa-circle\"><\/i>\t\t\t\t\t\t<\/span>\n\t\t\t\t\t\t\t\t\t\t<span class=\"elementor-icon-list-text\">Treatment of patients with pronounced personality traits and personality disorders\u00a0<\/span>\n\t\t\t\t\t\t\t\t\t<\/li>\n\t\t\t\t\t\t<\/ul>\n\t\t\t\t\t\t<\/div>\n\t\t\t\t<\/div>\n\t\t\t\t\t<\/div>\n\t\t<\/div>\n\t\t\t\t\t<\/div>\n\t\t<\/section>\n\t\t\t\t<section class=\"elementor-section elementor-top-section elementor-element elementor-element-12272616 elementor-section-content-middle elementor-section-boxed elementor-section-height-default elementor-section-height-default\" data-id=\"12272616\" data-element_type=\"section\" data-settings=\"{&quot;background_background&quot;:&quot;classic&quot;}\">\n\t\t\t\t\t\t\t<div class=\"elementor-background-overlay\"><\/div>\n\t\t\t\t\t\t\t<div class=\"elementor-container elementor-column-gap-default\">\n\t\t\t\t\t<div class=\"elementor-column elementor-col-50 elementor-top-column elementor-element elementor-element-6f7dd344\" data-id=\"6f7dd344\" data-element_type=\"column\">\n\t\t\t<div class=\"elementor-widget-wrap elementor-element-populated\">\n\t\t\t\t\t\t<div class=\"elementor-element elementor-element-4691d024 elementor-widget elementor-widget-image\" data-id=\"4691d024\" data-element_type=\"widget\" data-widget_type=\"image.default\">\n\t\t\t\t<div class=\"elementor-widget-container\">\n\t\t\t\t\t\t\t\t\t\t\t\t\t\t\t<img decoding=\"async\" width=\"1024\" height=\"838\" src=\"https:\/\/regina-fronhoffs.de\/wp-content\/uploads\/2023\/07\/can-we-talk-1024x838.jpeg\" class=\"attachment-large size-large wp-image-940\" alt=\"Can We Talk?\" srcset=\"https:\/\/regina-fronhoffs.de\/wp-content\/uploads\/2023\/07\/can-we-talk-1024x838.jpeg 1024w, https:\/\/regina-fronhoffs.de\/wp-content\/uploads\/2023\/07\/can-we-talk-300x245.jpeg 300w, https:\/\/regina-fronhoffs.de\/wp-content\/uploads\/2023\/07\/can-we-talk-768x628.jpeg 768w, https:\/\/regina-fronhoffs.de\/wp-content\/uploads\/2023\/07\/can-we-talk-1536x1256.jpeg 1536w, https:\/\/regina-fronhoffs.de\/wp-content\/uploads\/2023\/07\/can-we-talk-2048x1675.jpeg 2048w, https:\/\/regina-fronhoffs.de\/wp-content\/uploads\/2023\/07\/can-we-talk-15x12.jpeg 15w\" sizes=\"(max-width: 1024px) 100vw, 1024px\" \/>\t\t\t\t\t\t\t\t\t\t\t\t\t\t\t<\/div>\n\t\t\t\t<\/div>\n\t\t\t\t\t<\/div>\n\t\t<\/div>\n\t\t\t\t<div class=\"elementor-column elementor-col-50 elementor-top-column elementor-element elementor-element-7eaf912f\" data-id=\"7eaf912f\" data-element_type=\"column\">\n\t\t\t<div class=\"elementor-widget-wrap elementor-element-populated\">\n\t\t\t\t\t\t<div class=\"elementor-element elementor-element-10aa7d7b elementor-align-center elementor-tablet-align-center elementor-widget elementor-widget-button\" data-id=\"10aa7d7b\" data-element_type=\"widget\" data-widget_type=\"button.default\">\n\t\t\t\t<div class=\"elementor-widget-container\">\n\t\t\t\t\t\t\t\t\t<div class=\"elementor-button-wrapper\">\n\t\t\t\t\t<a class=\"elementor-button elementor-button-link elementor-size-xl elementor-animation-shrink\" href=\"https:\/\/regina-fronhoffs.de\/en\/kontakt\/\">\n\t\t\t\t\t\t<span class=\"elementor-button-content-wrapper\">\n\t\t\t\t\t\t<span class=\"elementor-button-icon\">\n\t\t\t\t<i aria-hidden=\"true\" class=\"far fa-calendar-check\"><\/i>\t\t\t<\/span>\n\t\t\t\t\t\t\t\t\t<span class=\"elementor-button-text\">Make an appointment<\/span>\n\t\t\t\t\t<\/span>\n\t\t\t\t\t<\/a>\n\t\t\t\t<\/div>\n\t\t\t\t\t\t\t\t<\/div>\n\t\t\t\t<\/div>\n\t\t\t\t\t<\/div>\n\t\t<\/div>\n\t\t\t\t\t<\/div>\n\t\t<\/section>\n\t\t\t\t<\/div>","protected":false},"excerpt":{"rendered":"<p>Praxisschwerpunkte In meiner Praxis stehen Sie als Individuum im Mittelpunkt. Ich fokussiere mich auf diverse Behandlungsschwerpunkte, die Ihre pers\u00f6nliche Entwicklung in Phasen von Herausforderung und Ver\u00e4nderung unterst\u00fctzen.\u00a0 Dazu geh\u00f6ren: Therapie und Coaching bei Burn-Out, Ersch\u00f6pfung und Stresserkrankungen Coaching von F\u00fchrungskr\u00e4ften in herausfordernden beruflichen und privaten Lebens- und Ver\u00e4nderungssituationen Therapie und Coaching von Erwachsenen in Schwellen- [&hellip;]<\/p>\n","protected":false},"author":1,"featured_media":0,"parent":0,"menu_order":0,"comment_status":"closed","ping_status":"closed","template":"elementor_header_footer","meta":{"footnotes":""},"class_list":["post-1489","page","type-page","status-publish","hentry","entry"],"yoast_head":"<!-- This site is optimized with the Yoast SEO plugin v27.3 - https:\/\/yoast.com\/product\/yoast-seo-wordpress\/ -->\n<title>Praxis Schwerpunkte - Psychotherapie und Coaching<\/title>\n<meta name=\"robots\" content=\"index, follow, max-snippet:-1, max-image-preview:large, max-video-preview:-1\" \/>\n<link rel=\"canonical\" href=\"https:\/\/regina-fronhoffs.de\/en\/praxis-schwerpunkte\/\" \/>\n<meta property=\"og:locale\" content=\"en_US\" \/>\n<meta property=\"og:type\" content=\"article\" \/>\n<meta property=\"og:title\" content=\"Praxis Schwerpunkte - Psychotherapie und Coaching\" \/>\n<meta property=\"og:description\" content=\"Praxisschwerpunkte In meiner Praxis stehen Sie als Individuum im Mittelpunkt. Ich fokussiere mich auf diverse Behandlungsschwerpunkte, die Ihre pers\u00f6nliche Entwicklung in Phasen von Herausforderung und Ver\u00e4nderung unterst\u00fctzen.\u00a0 Dazu geh\u00f6ren: Therapie und Coaching bei Burn-Out, Ersch\u00f6pfung und Stresserkrankungen Coaching von F\u00fchrungskr\u00e4ften in herausfordernden beruflichen und privaten Lebens- und Ver\u00e4nderungssituationen Therapie und Coaching von Erwachsenen in Schwellen- [&hellip;]\" \/>\n<meta property=\"og:url\" content=\"https:\/\/regina-fronhoffs.de\/en\/praxis-schwerpunkte\/\" \/>\n<meta property=\"og:site_name\" content=\"Psychotherapie und Coaching\" \/>\n<meta property=\"article:modified_time\" content=\"2025-01-27T22:19:17+00:00\" \/>\n<meta property=\"og:image\" content=\"https:\/\/regina-fronhoffs.de\/wp-content\/uploads\/2023\/06\/girl_tree-1.png\" \/>\n\t<meta property=\"og:image:width\" content=\"1162\" \/>\n\t<meta property=\"og:image:height\" content=\"1217\" \/>\n\t<meta property=\"og:image:type\" content=\"image\/png\" \/>\n<meta name=\"twitter:card\" content=\"summary_large_image\" \/>\n<meta name=\"twitter:label1\" content=\"Est. reading time\" \/>\n\t<meta name=\"twitter:data1\" content=\"2 minutes\" \/>\n<script type=\"application\/ld+json\" class=\"yoast-schema-graph\">{\"@context\":\"https:\\\/\\\/schema.org\",\"@graph\":[{\"@type\":\"WebPage\",\"@id\":\"https:\\\/\\\/regina-fronhoffs.de\\\/praxis-schwerpunkte\\\/\",\"url\":\"https:\\\/\\\/regina-fronhoffs.de\\\/praxis-schwerpunkte\\\/\",\"name\":\"Praxis Schwerpunkte - Psychotherapie und Coaching\",\"isPartOf\":{\"@id\":\"https:\\\/\\\/regina-fronhoffs.de\\\/#website\"},\"primaryImageOfPage\":{\"@id\":\"https:\\\/\\\/regina-fronhoffs.de\\\/praxis-schwerpunkte\\\/#primaryimage\"},\"image\":{\"@id\":\"https:\\\/\\\/regina-fronhoffs.de\\\/praxis-schwerpunkte\\\/#primaryimage\"},\"thumbnailUrl\":\"https:\\\/\\\/regina-fronhoffs.de\\\/wp-content\\\/uploads\\\/2023\\\/06\\\/girl_tree-1.png\",\"datePublished\":\"2025-01-13T12:57:15+00:00\",\"dateModified\":\"2025-01-27T22:19:17+00:00\",\"breadcrumb\":{\"@id\":\"https:\\\/\\\/regina-fronhoffs.de\\\/praxis-schwerpunkte\\\/#breadcrumb\"},\"inLanguage\":\"en-US\",\"potentialAction\":[{\"@type\":\"ReadAction\",\"target\":[\"https:\\\/\\\/regina-fronhoffs.de\\\/praxis-schwerpunkte\\\/\"]}]},{\"@type\":\"ImageObject\",\"inLanguage\":\"en-US\",\"@id\":\"https:\\\/\\\/regina-fronhoffs.de\\\/praxis-schwerpunkte\\\/#primaryimage\",\"url\":\"https:\\\/\\\/regina-fronhoffs.de\\\/wp-content\\\/uploads\\\/2023\\\/06\\\/girl_tree-1.png\",\"contentUrl\":\"https:\\\/\\\/regina-fronhoffs.de\\\/wp-content\\\/uploads\\\/2023\\\/06\\\/girl_tree-1.png\"},{\"@type\":\"BreadcrumbList\",\"@id\":\"https:\\\/\\\/regina-fronhoffs.de\\\/praxis-schwerpunkte\\\/#breadcrumb\",\"itemListElement\":[{\"@type\":\"ListItem\",\"position\":1,\"name\":\"Startseite\",\"item\":\"https:\\\/\\\/regina-fronhoffs.de\\\/\"},{\"@type\":\"ListItem\",\"position\":2,\"name\":\"Praxis Schwerpunkte\"}]},{\"@type\":\"WebSite\",\"@id\":\"https:\\\/\\\/regina-fronhoffs.de\\\/#website\",\"url\":\"https:\\\/\\\/regina-fronhoffs.de\\\/\",\"name\":\"Psychotherapie und Coaching\",\"description\":\"private Praxis in Berlin-Wilmersdorf\",\"publisher\":{\"@id\":\"https:\\\/\\\/regina-fronhoffs.de\\\/#organization\"},\"potentialAction\":[{\"@type\":\"SearchAction\",\"target\":{\"@type\":\"EntryPoint\",\"urlTemplate\":\"https:\\\/\\\/regina-fronhoffs.de\\\/?s={search_term_string}\"},\"query-input\":{\"@type\":\"PropertyValueSpecification\",\"valueRequired\":true,\"valueName\":\"search_term_string\"}}],\"inLanguage\":\"en-US\"},{\"@type\":\"Organization\",\"@id\":\"https:\\\/\\\/regina-fronhoffs.de\\\/#organization\",\"name\":\"Psychotherapie und Coaching\",\"url\":\"https:\\\/\\\/regina-fronhoffs.de\\\/\",\"logo\":{\"@type\":\"ImageObject\",\"inLanguage\":\"en-US\",\"@id\":\"https:\\\/\\\/regina-fronhoffs.de\\\/#\\\/schema\\\/logo\\\/image\\\/\",\"url\":\"https:\\\/\\\/regina-fronhoffs.de\\\/wp-content\\\/uploads\\\/2023\\\/05\\\/cropped-logoneu4.png\",\"contentUrl\":\"https:\\\/\\\/regina-fronhoffs.de\\\/wp-content\\\/uploads\\\/2023\\\/05\\\/cropped-logoneu4.png\",\"width\":7466,\"height\":2046,\"caption\":\"Psychotherapie und Coaching\"},\"image\":{\"@id\":\"https:\\\/\\\/regina-fronhoffs.de\\\/#\\\/schema\\\/logo\\\/image\\\/\"}}]}<\/script>\n<!-- \/ Yoast SEO plugin. -->","yoast_head_json":{"title":"Praxis Schwerpunkte - Psychotherapie und Coaching","robots":{"index":"index","follow":"follow","max-snippet":"max-snippet:-1","max-image-preview":"max-image-preview:large","max-video-preview":"max-video-preview:-1"},"canonical":"https:\/\/regina-fronhoffs.de\/en\/praxis-schwerpunkte\/","og_locale":"en_US","og_type":"article","og_title":"Praxis Schwerpunkte - Psychotherapie und Coaching","og_description":"Praxisschwerpunkte In meiner Praxis stehen Sie als Individuum im Mittelpunkt. Ich fokussiere mich auf diverse Behandlungsschwerpunkte, die Ihre pers\u00f6nliche Entwicklung in Phasen von Herausforderung und Ver\u00e4nderung unterst\u00fctzen.\u00a0 Dazu geh\u00f6ren: Therapie und Coaching bei Burn-Out, Ersch\u00f6pfung und Stresserkrankungen Coaching von F\u00fchrungskr\u00e4ften in herausfordernden beruflichen und privaten Lebens- und Ver\u00e4nderungssituationen Therapie und Coaching von Erwachsenen in Schwellen- [&hellip;]","og_url":"https:\/\/regina-fronhoffs.de\/en\/praxis-schwerpunkte\/","og_site_name":"Psychotherapie und Coaching","article_modified_time":"2025-01-27T22:19:17+00:00","og_image":[{"width":1162,"height":1217,"url":"https:\/\/regina-fronhoffs.de\/wp-content\/uploads\/2023\/06\/girl_tree-1.png","type":"image\/png"}],"twitter_card":"summary_large_image","twitter_misc":{"Est. reading time":"2 minutes"},"schema":{"@context":"https:\/\/schema.org","@graph":[{"@type":"WebPage","@id":"https:\/\/regina-fronhoffs.de\/praxis-schwerpunkte\/","url":"https:\/\/regina-fronhoffs.de\/praxis-schwerpunkte\/","name":"Praxis Schwerpunkte - Psychotherapie und Coaching","isPartOf":{"@id":"https:\/\/regina-fronhoffs.de\/#website"},"primaryImageOfPage":{"@id":"https:\/\/regina-fronhoffs.de\/praxis-schwerpunkte\/#primaryimage"},"image":{"@id":"https:\/\/regina-fronhoffs.de\/praxis-schwerpunkte\/#primaryimage"},"thumbnailUrl":"https:\/\/regina-fronhoffs.de\/wp-content\/uploads\/2023\/06\/girl_tree-1.png","datePublished":"2025-01-13T12:57:15+00:00","dateModified":"2025-01-27T22:19:17+00:00","breadcrumb":{"@id":"https:\/\/regina-fronhoffs.de\/praxis-schwerpunkte\/#breadcrumb"},"inLanguage":"en-US","potentialAction":[{"@type":"ReadAction","target":["https:\/\/regina-fronhoffs.de\/praxis-schwerpunkte\/"]}]},{"@type":"ImageObject","inLanguage":"en-US","@id":"https:\/\/regina-fronhoffs.de\/praxis-schwerpunkte\/#primaryimage","url":"https:\/\/regina-fronhoffs.de\/wp-content\/uploads\/2023\/06\/girl_tree-1.png","contentUrl":"https:\/\/regina-fronhoffs.de\/wp-content\/uploads\/2023\/06\/girl_tree-1.png"},{"@type":"BreadcrumbList","@id":"https:\/\/regina-fronhoffs.de\/praxis-schwerpunkte\/#breadcrumb","itemListElement":[{"@type":"ListItem","position":1,"name":"Startseite","item":"https:\/\/regina-fronhoffs.de\/"},{"@type":"ListItem","position":2,"name":"Praxis Schwerpunkte"}]},{"@type":"WebSite","@id":"https:\/\/regina-fronhoffs.de\/#website","url":"https:\/\/regina-fronhoffs.de\/","name":"Psychotherapie und Coaching","description":"private Praxis in Berlin-Wilmersdorf","publisher":{"@id":"https:\/\/regina-fronhoffs.de\/#organization"},"potentialAction":[{"@type":"SearchAction","target":{"@type":"EntryPoint","urlTemplate":"https:\/\/regina-fronhoffs.de\/?s={search_term_string}"},"query-input":{"@type":"PropertyValueSpecification","valueRequired":true,"valueName":"search_term_string"}}],"inLanguage":"en-US"},{"@type":"Organization","@id":"https:\/\/regina-fronhoffs.de\/#organization","name":"Psychotherapie und Coaching","url":"https:\/\/regina-fronhoffs.de\/","logo":{"@type":"ImageObject","inLanguage":"en-US","@id":"https:\/\/regina-fronhoffs.de\/#\/schema\/logo\/image\/","url":"https:\/\/regina-fronhoffs.de\/wp-content\/uploads\/2023\/05\/cropped-logoneu4.png","contentUrl":"https:\/\/regina-fronhoffs.de\/wp-content\/uploads\/2023\/05\/cropped-logoneu4.png","width":7466,"height":2046,"caption":"Psychotherapie und Coaching"},"image":{"@id":"https:\/\/regina-fronhoffs.de\/#\/schema\/logo\/image\/"}}]}},"_links":{"self":[{"href":"https:\/\/regina-fronhoffs.de\/en\/wp-json\/wp\/v2\/pages\/1489","targetHints":{"allow":["GET"]}}],"collection":[{"href":"https:\/\/regina-fronhoffs.de\/en\/wp-json\/wp\/v2\/pages"}],"about":[{"href":"https:\/\/regina-fronhoffs.de\/en\/wp-json\/wp\/v2\/types\/page"}],"author":[{"embeddable":true,"href":"https:\/\/regina-fronhoffs.de\/en\/wp-json\/wp\/v2\/users\/1"}],"replies":[{"embeddable":true,"href":"https:\/\/regina-fronhoffs.de\/en\/wp-json\/wp\/v2\/comments?post=1489"}],"version-history":[{"count":43,"href":"https:\/\/regina-fronhoffs.de\/en\/wp-json\/wp\/v2\/pages\/1489\/revisions"}],"predecessor-version":[{"id":1580,"href":"https:\/\/regina-fronhoffs.de\/en\/wp-json\/wp\/v2\/pages\/1489\/revisions\/1580"}],"wp:attachment":[{"href":"https:\/\/regina-fronhoffs.de\/en\/wp-json\/wp\/v2\/media?parent=1489"}],"curies":[{"name":"wp","href":"https:\/\/api.w.org\/{rel}","templated":true}]}}