{"id":92,"date":"2023-05-04T23:23:16","date_gmt":"2023-05-04T21:23:16","guid":{"rendered":"https:\/\/regina-fronhoffs.de\/?page_id=92"},"modified":"2025-01-27T23:33:16","modified_gmt":"2025-01-27T22:33:16","slug":"was-erwartet-sie","status":"publish","type":"page","link":"https:\/\/regina-fronhoffs.de\/en\/was-erwartet-sie\/","title":{"rendered":"What to expect?"},"content":{"rendered":"<div data-elementor-type=\"wp-page\" data-elementor-id=\"92\" class=\"elementor elementor-92\">\n\t\t\t\t\t\t<section class=\"elementor-section elementor-top-section elementor-element elementor-element-4151243a elementor-section-boxed elementor-section-height-default elementor-section-height-default\" data-id=\"4151243a\" data-element_type=\"section\" data-settings=\"{&quot;background_background&quot;:&quot;classic&quot;}\">\n\t\t\t\t\t\t\t<div class=\"elementor-background-overlay\"><\/div>\n\t\t\t\t\t\t\t<div class=\"elementor-container elementor-column-gap-default\">\n\t\t\t\t\t<div class=\"elementor-column elementor-col-50 elementor-top-column elementor-element elementor-element-702a17c0\" data-id=\"702a17c0\" data-element_type=\"column\">\n\t\t\t<div class=\"elementor-widget-wrap elementor-element-populated\">\n\t\t\t\t\t\t<div class=\"elementor-element elementor-element-2cf875a0 elementor-invisible elementor-widget elementor-widget-heading\" data-id=\"2cf875a0\" data-element_type=\"widget\" data-settings=\"{&quot;_animation&quot;:&quot;fadeIn&quot;}\" data-widget_type=\"heading.default\">\n\t\t\t\t<div class=\"elementor-widget-container\">\n\t\t\t\t\t<h1 class=\"elementor-heading-title elementor-size-default\">What to expect?<\/h1>\t\t\t\t<\/div>\n\t\t\t\t<\/div>\n\t\t\t\t\t<\/div>\n\t\t<\/div>\n\t\t\t\t<div class=\"elementor-column elementor-col-50 elementor-top-column elementor-element elementor-element-1f0da63c\" data-id=\"1f0da63c\" data-element_type=\"column\">\n\t\t\t<div class=\"elementor-widget-wrap elementor-element-populated\">\n\t\t\t\t\t\t<section class=\"elementor-section elementor-inner-section elementor-element elementor-element-1dd721e elementor-section-boxed elementor-section-height-default elementor-section-height-default\" data-id=\"1dd721e\" data-element_type=\"section\" data-settings=\"{&quot;animation&quot;:&quot;none&quot;}\">\n\t\t\t\t\t\t<div class=\"elementor-container elementor-column-gap-default\">\n\t\t\t\t\t<div class=\"elementor-column elementor-col-100 elementor-inner-column elementor-element elementor-element-2d2801b3\" data-id=\"2d2801b3\" data-element_type=\"column\" data-settings=\"{&quot;animation&quot;:&quot;none&quot;}\">\n\t\t\t<div class=\"elementor-widget-wrap elementor-element-populated\">\n\t\t\t\t\t\t<div class=\"elementor-element elementor-element-c93870 animated-slow elementor-widget elementor-widget-image\" data-id=\"c93870\" data-element_type=\"widget\" data-settings=\"{&quot;_animation&quot;:&quot;none&quot;}\" data-widget_type=\"image.default\">\n\t\t\t\t<div class=\"elementor-widget-container\">\n\t\t\t\t\t\t\t\t\t\t\t\t\t\t\t<img fetchpriority=\"high\" decoding=\"async\" width=\"1162\" height=\"1217\" src=\"https:\/\/regina-fronhoffs.de\/wp-content\/uploads\/2023\/06\/girl_tree-1.png\" class=\"attachment-full size-full wp-image-679\" alt=\"girl_tree\" srcset=\"https:\/\/regina-fronhoffs.de\/wp-content\/uploads\/2023\/06\/girl_tree-1.png 1162w, https:\/\/regina-fronhoffs.de\/wp-content\/uploads\/2023\/06\/girl_tree-1-286x300.png 286w, https:\/\/regina-fronhoffs.de\/wp-content\/uploads\/2023\/06\/girl_tree-1-978x1024.png 978w, https:\/\/regina-fronhoffs.de\/wp-content\/uploads\/2023\/06\/girl_tree-1-768x804.png 768w, https:\/\/regina-fronhoffs.de\/wp-content\/uploads\/2023\/06\/girl_tree-1-11x12.png 11w\" sizes=\"(max-width: 1162px) 100vw, 1162px\" \/>\t\t\t\t\t\t\t\t\t\t\t\t\t\t\t<\/div>\n\t\t\t\t<\/div>\n\t\t\t\t\t<\/div>\n\t\t<\/div>\n\t\t\t\t\t<\/div>\n\t\t<\/section>\n\t\t\t\t\t<\/div>\n\t\t<\/div>\n\t\t\t\t\t<\/div>\n\t\t<\/section>\n\t\t<div class=\"elementor-element elementor-element-1b4524c e-flex e-con-boxed e-con e-parent\" data-id=\"1b4524c\" data-element_type=\"container\">\n\t\t\t\t\t<div class=\"e-con-inner\">\n\t\t<div class=\"elementor-element elementor-element-777f49f e-con-full e-flex e-con e-child\" data-id=\"777f49f\" data-element_type=\"container\">\n\t\t\t\t<div class=\"elementor-element elementor-element-3ad0f64 elementor-widget elementor-widget-image\" data-id=\"3ad0f64\" data-element_type=\"widget\" data-widget_type=\"image.default\">\n\t\t\t\t<div class=\"elementor-widget-container\">\n\t\t\t\t\t\t\t\t\t\t\t\t\t\t\t<img decoding=\"async\" width=\"1024\" height=\"683\" src=\"https:\/\/regina-fronhoffs.de\/wp-content\/uploads\/2024\/10\/praxis-frohnoffs-1024x683.jpeg\" class=\"attachment-large size-large wp-image-1478\" alt=\"praxis frohnoffs\" srcset=\"https:\/\/regina-fronhoffs.de\/wp-content\/uploads\/2024\/10\/praxis-frohnoffs-1024x683.jpeg 1024w, https:\/\/regina-fronhoffs.de\/wp-content\/uploads\/2024\/10\/praxis-frohnoffs-300x200.jpeg 300w, https:\/\/regina-fronhoffs.de\/wp-content\/uploads\/2024\/10\/praxis-frohnoffs-768x512.jpeg 768w, https:\/\/regina-fronhoffs.de\/wp-content\/uploads\/2024\/10\/praxis-frohnoffs-1536x1024.jpeg 1536w, https:\/\/regina-fronhoffs.de\/wp-content\/uploads\/2024\/10\/praxis-frohnoffs-2048x1365.jpeg 2048w, https:\/\/regina-fronhoffs.de\/wp-content\/uploads\/2024\/10\/praxis-frohnoffs-18x12.jpeg 18w\" sizes=\"(max-width: 1024px) 100vw, 1024px\" \/>\t\t\t\t\t\t\t\t\t\t\t\t\t\t\t<\/div>\n\t\t\t\t<\/div>\n\t\t\t\t<\/div>\n\t\t<div class=\"elementor-element elementor-element-1eae719 e-con-full e-flex e-con e-child\" data-id=\"1eae719\" data-element_type=\"container\">\n\t\t\t\t<div class=\"elementor-element elementor-element-44fd1a8 elementor-widget__width-initial elementor-widget elementor-widget-text-editor\" data-id=\"44fd1a8\" data-element_type=\"widget\" data-widget_type=\"text-editor.default\">\n\t\t\t\t<div class=\"elementor-widget-container\">\n\t\t\t\t\t\t\t\t\tEvery patient or client experiences the cooperative work of therapy or coaching in an individual and personal manner.\n\n<strong> Impressions of what others have experienced in my practice<\/strong>\n<ul style=\"color: #83415c;\">\n \t<li><span style=\"color: #000000;\">a trusting, appreciative, stabilising atmosphere where they felt safe and well taken care of<\/span><\/li>\n \t<li><span style=\"color: #000000;\">sensitivity and empathy<\/span><\/li>\n \t<li><span style=\"color: #000000;\">long-standing professional experience, competence and varied life experience which enrich the cooperative work<\/span><\/li>\n \t<li><span style=\"color: #000000;\">reliability and professionalism<\/span><\/li>\n \t<li><span style=\"color: #000000;\">feeling truly seen as an individual<\/span><\/li>\n \t<li><span style=\"color: #000000;\">commitment to confidentiality<\/span><\/li>\n<\/ul>\t\t\t\t\t\t\t\t<\/div>\n\t\t\t\t<\/div>\n\t\t\t\t<\/div>\n\t\t<div class=\"elementor-element elementor-element-7ae7b1d e-con-full e-flex e-con e-child\" data-id=\"7ae7b1d\" data-element_type=\"container\">\n\t\t\t\t<div class=\"elementor-element elementor-element-cf4bfdc elementor-widget elementor-widget-text-editor\" data-id=\"cf4bfdc\" data-element_type=\"widget\" data-widget_type=\"text-editor.default\">\n\t\t\t\t<div class=\"elementor-widget-container\">\n\t\t\t\t\t\t\t\t\t<p>I support equal rights and acceptance of everyone and am committed to providing a safe space for all identities.<\/p>\t\t\t\t\t\t\t\t<\/div>\n\t\t\t\t<\/div>\n\t\t\t\t<\/div>\n\t\t\t\t\t<\/div>\n\t\t\t\t<\/div>\n\t\t\t\t<section class=\"elementor-section elementor-top-section elementor-element elementor-element-53531c29 elementor-section-content-middle elementor-section-boxed elementor-section-height-default elementor-section-height-default\" data-id=\"53531c29\" data-element_type=\"section\" data-settings=\"{&quot;background_background&quot;:&quot;classic&quot;}\">\n\t\t\t\t\t\t\t<div class=\"elementor-background-overlay\"><\/div>\n\t\t\t\t\t\t\t<div class=\"elementor-container elementor-column-gap-default\">\n\t\t\t\t\t<div class=\"elementor-column elementor-col-50 elementor-top-column elementor-element elementor-element-74a10544\" data-id=\"74a10544\" data-element_type=\"column\">\n\t\t\t<div class=\"elementor-widget-wrap elementor-element-populated\">\n\t\t\t\t\t\t<div class=\"elementor-element elementor-element-40629bf0 elementor-widget elementor-widget-image\" data-id=\"40629bf0\" data-element_type=\"widget\" data-widget_type=\"image.default\">\n\t\t\t\t<div class=\"elementor-widget-container\">\n\t\t\t\t\t\t\t\t\t\t\t\t\t\t\t<img decoding=\"async\" width=\"1024\" height=\"838\" src=\"https:\/\/regina-fronhoffs.de\/wp-content\/uploads\/2023\/07\/can-we-talk-1024x838.jpeg\" class=\"attachment-large size-large wp-image-940\" alt=\"Can We Talk?\" srcset=\"https:\/\/regina-fronhoffs.de\/wp-content\/uploads\/2023\/07\/can-we-talk-1024x838.jpeg 1024w, https:\/\/regina-fronhoffs.de\/wp-content\/uploads\/2023\/07\/can-we-talk-300x245.jpeg 300w, https:\/\/regina-fronhoffs.de\/wp-content\/uploads\/2023\/07\/can-we-talk-768x628.jpeg 768w, https:\/\/regina-fronhoffs.de\/wp-content\/uploads\/2023\/07\/can-we-talk-1536x1256.jpeg 1536w, https:\/\/regina-fronhoffs.de\/wp-content\/uploads\/2023\/07\/can-we-talk-2048x1675.jpeg 2048w, https:\/\/regina-fronhoffs.de\/wp-content\/uploads\/2023\/07\/can-we-talk-15x12.jpeg 15w\" sizes=\"(max-width: 1024px) 100vw, 1024px\" \/>\t\t\t\t\t\t\t\t\t\t\t\t\t\t\t<\/div>\n\t\t\t\t<\/div>\n\t\t\t\t\t<\/div>\n\t\t<\/div>\n\t\t\t\t<div class=\"elementor-column elementor-col-50 elementor-top-column elementor-element elementor-element-5ee16274\" data-id=\"5ee16274\" data-element_type=\"column\">\n\t\t\t<div class=\"elementor-widget-wrap elementor-element-populated\">\n\t\t\t\t\t\t<div class=\"elementor-element elementor-element-622dc88e elementor-align-center elementor-tablet-align-center elementor-widget elementor-widget-button\" data-id=\"622dc88e\" data-element_type=\"widget\" data-widget_type=\"button.default\">\n\t\t\t\t<div class=\"elementor-widget-container\">\n\t\t\t\t\t\t\t\t\t<div class=\"elementor-button-wrapper\">\n\t\t\t\t\t<a class=\"elementor-button elementor-button-link elementor-size-xl elementor-animation-shrink\" href=\"https:\/\/regina-fronhoffs.de\/en\/kontakt\/\">\n\t\t\t\t\t\t<span class=\"elementor-button-content-wrapper\">\n\t\t\t\t\t\t<span class=\"elementor-button-icon\">\n\t\t\t\t<i aria-hidden=\"true\" class=\"far fa-calendar-check\"><\/i>\t\t\t<\/span>\n\t\t\t\t\t\t\t\t\t<span class=\"elementor-button-text\">Make an appointment<\/span>\n\t\t\t\t\t<\/span>\n\t\t\t\t\t<\/a>\n\t\t\t\t<\/div>\n\t\t\t\t\t\t\t\t<\/div>\n\t\t\t\t<\/div>\n\t\t\t\t\t<\/div>\n\t\t<\/div>\n\t\t\t\t\t<\/div>\n\t\t<\/section>\n\t\t\t\t<\/div>","protected":false},"excerpt":{"rendered":"<p>Was erwartet Sie? Die Zusammenarbeit in einer Therapie oder in einem Coaching erlebt jede*r Patient*in oder Klient*in pers\u00f6nlich und individuell. Andere erlebten in meiner Praxis eine vertrauensvollen, wertsch\u00e4tzenden und haltgebenden Atmosph\u00e4re, in der sie sich sicher und gut aufgehoben f\u00fchlten Einf\u00fchlungsverm\u00f6gen und Empathie langj\u00e4hrige Berufserfahrung, Kompetenz und vielf\u00e4ltige Lebenserfahrung, die in die Zusammenarbeit einflie\u00dft Verl\u00e4sslichkeit [&hellip;]<\/p>\n","protected":false},"author":1,"featured_media":0,"parent":0,"menu_order":0,"comment_status":"closed","ping_status":"closed","template":"","meta":{"footnotes":""},"class_list":["post-92","page","type-page","status-publish","hentry","entry"],"yoast_head":"<!-- This site is optimized with the Yoast SEO plugin v27.3 - https:\/\/yoast.com\/product\/yoast-seo-wordpress\/ -->\n<title>Was erwartet Sie? - Psychotherapie und Coaching<\/title>\n<meta name=\"robots\" content=\"index, follow, max-snippet:-1, max-image-preview:large, max-video-preview:-1\" \/>\n<link rel=\"canonical\" href=\"https:\/\/regina-fronhoffs.de\/en\/was-erwartet-sie\/\" \/>\n<meta property=\"og:locale\" content=\"en_US\" \/>\n<meta property=\"og:type\" content=\"article\" \/>\n<meta property=\"og:title\" content=\"Was erwartet Sie? - Psychotherapie und Coaching\" \/>\n<meta property=\"og:description\" content=\"Was erwartet Sie? Die Zusammenarbeit in einer Therapie oder in einem Coaching erlebt jede*r Patient*in oder Klient*in pers\u00f6nlich und individuell. Andere erlebten in meiner Praxis eine vertrauensvollen, wertsch\u00e4tzenden und haltgebenden Atmosph\u00e4re, in der sie sich sicher und gut aufgehoben f\u00fchlten Einf\u00fchlungsverm\u00f6gen und Empathie langj\u00e4hrige Berufserfahrung, Kompetenz und vielf\u00e4ltige Lebenserfahrung, die in die Zusammenarbeit einflie\u00dft Verl\u00e4sslichkeit [&hellip;]\" \/>\n<meta property=\"og:url\" content=\"https:\/\/regina-fronhoffs.de\/en\/was-erwartet-sie\/\" \/>\n<meta property=\"og:site_name\" content=\"Psychotherapie und Coaching\" \/>\n<meta property=\"article:modified_time\" content=\"2025-01-27T22:33:16+00:00\" \/>\n<meta property=\"og:image\" content=\"https:\/\/regina-fronhoffs.de\/wp-content\/uploads\/2023\/06\/girl_tree-1.png\" \/>\n\t<meta property=\"og:image:width\" content=\"1162\" \/>\n\t<meta property=\"og:image:height\" content=\"1217\" \/>\n\t<meta property=\"og:image:type\" content=\"image\/png\" \/>\n<meta name=\"twitter:card\" content=\"summary_large_image\" \/>\n<meta name=\"twitter:label1\" content=\"Est. reading time\" \/>\n\t<meta name=\"twitter:data1\" content=\"2 minutes\" \/>\n<script type=\"application\/ld+json\" class=\"yoast-schema-graph\">{\"@context\":\"https:\\\/\\\/schema.org\",\"@graph\":[{\"@type\":\"WebPage\",\"@id\":\"https:\\\/\\\/regina-fronhoffs.de\\\/was-erwartet-sie\\\/\",\"url\":\"https:\\\/\\\/regina-fronhoffs.de\\\/was-erwartet-sie\\\/\",\"name\":\"Was erwartet Sie? - Psychotherapie und Coaching\",\"isPartOf\":{\"@id\":\"https:\\\/\\\/regina-fronhoffs.de\\\/#website\"},\"primaryImageOfPage\":{\"@id\":\"https:\\\/\\\/regina-fronhoffs.de\\\/was-erwartet-sie\\\/#primaryimage\"},\"image\":{\"@id\":\"https:\\\/\\\/regina-fronhoffs.de\\\/was-erwartet-sie\\\/#primaryimage\"},\"thumbnailUrl\":\"https:\\\/\\\/regina-fronhoffs.de\\\/wp-content\\\/uploads\\\/2023\\\/06\\\/girl_tree-1.png\",\"datePublished\":\"2023-05-04T21:23:16+00:00\",\"dateModified\":\"2025-01-27T22:33:16+00:00\",\"breadcrumb\":{\"@id\":\"https:\\\/\\\/regina-fronhoffs.de\\\/was-erwartet-sie\\\/#breadcrumb\"},\"inLanguage\":\"en-US\",\"potentialAction\":[{\"@type\":\"ReadAction\",\"target\":[\"https:\\\/\\\/regina-fronhoffs.de\\\/was-erwartet-sie\\\/\"]}]},{\"@type\":\"ImageObject\",\"inLanguage\":\"en-US\",\"@id\":\"https:\\\/\\\/regina-fronhoffs.de\\\/was-erwartet-sie\\\/#primaryimage\",\"url\":\"https:\\\/\\\/regina-fronhoffs.de\\\/wp-content\\\/uploads\\\/2023\\\/06\\\/girl_tree-1.png\",\"contentUrl\":\"https:\\\/\\\/regina-fronhoffs.de\\\/wp-content\\\/uploads\\\/2023\\\/06\\\/girl_tree-1.png\"},{\"@type\":\"BreadcrumbList\",\"@id\":\"https:\\\/\\\/regina-fronhoffs.de\\\/was-erwartet-sie\\\/#breadcrumb\",\"itemListElement\":[{\"@type\":\"ListItem\",\"position\":1,\"name\":\"Startseite\",\"item\":\"https:\\\/\\\/regina-fronhoffs.de\\\/\"},{\"@type\":\"ListItem\",\"position\":2,\"name\":\"Was erwartet Sie?\"}]},{\"@type\":\"WebSite\",\"@id\":\"https:\\\/\\\/regina-fronhoffs.de\\\/#website\",\"url\":\"https:\\\/\\\/regina-fronhoffs.de\\\/\",\"name\":\"Psychotherapie und Coaching\",\"description\":\"private Praxis in Berlin-Wilmersdorf\",\"publisher\":{\"@id\":\"https:\\\/\\\/regina-fronhoffs.de\\\/#organization\"},\"potentialAction\":[{\"@type\":\"SearchAction\",\"target\":{\"@type\":\"EntryPoint\",\"urlTemplate\":\"https:\\\/\\\/regina-fronhoffs.de\\\/?s={search_term_string}\"},\"query-input\":{\"@type\":\"PropertyValueSpecification\",\"valueRequired\":true,\"valueName\":\"search_term_string\"}}],\"inLanguage\":\"en-US\"},{\"@type\":\"Organization\",\"@id\":\"https:\\\/\\\/regina-fronhoffs.de\\\/#organization\",\"name\":\"Psychotherapie und Coaching\",\"url\":\"https:\\\/\\\/regina-fronhoffs.de\\\/\",\"logo\":{\"@type\":\"ImageObject\",\"inLanguage\":\"en-US\",\"@id\":\"https:\\\/\\\/regina-fronhoffs.de\\\/#\\\/schema\\\/logo\\\/image\\\/\",\"url\":\"https:\\\/\\\/regina-fronhoffs.de\\\/wp-content\\\/uploads\\\/2023\\\/05\\\/cropped-logoneu4.png\",\"contentUrl\":\"https:\\\/\\\/regina-fronhoffs.de\\\/wp-content\\\/uploads\\\/2023\\\/05\\\/cropped-logoneu4.png\",\"width\":7466,\"height\":2046,\"caption\":\"Psychotherapie und Coaching\"},\"image\":{\"@id\":\"https:\\\/\\\/regina-fronhoffs.de\\\/#\\\/schema\\\/logo\\\/image\\\/\"}}]}<\/script>\n<!-- \/ Yoast SEO plugin. -->","yoast_head_json":{"title":"Was erwartet Sie? - Psychotherapie und Coaching","robots":{"index":"index","follow":"follow","max-snippet":"max-snippet:-1","max-image-preview":"max-image-preview:large","max-video-preview":"max-video-preview:-1"},"canonical":"https:\/\/regina-fronhoffs.de\/en\/was-erwartet-sie\/","og_locale":"en_US","og_type":"article","og_title":"Was erwartet Sie? - Psychotherapie und Coaching","og_description":"Was erwartet Sie? Die Zusammenarbeit in einer Therapie oder in einem Coaching erlebt jede*r Patient*in oder Klient*in pers\u00f6nlich und individuell. Andere erlebten in meiner Praxis eine vertrauensvollen, wertsch\u00e4tzenden und haltgebenden Atmosph\u00e4re, in der sie sich sicher und gut aufgehoben f\u00fchlten Einf\u00fchlungsverm\u00f6gen und Empathie langj\u00e4hrige Berufserfahrung, Kompetenz und vielf\u00e4ltige Lebenserfahrung, die in die Zusammenarbeit einflie\u00dft Verl\u00e4sslichkeit [&hellip;]","og_url":"https:\/\/regina-fronhoffs.de\/en\/was-erwartet-sie\/","og_site_name":"Psychotherapie und Coaching","article_modified_time":"2025-01-27T22:33:16+00:00","og_image":[{"width":1162,"height":1217,"url":"https:\/\/regina-fronhoffs.de\/wp-content\/uploads\/2023\/06\/girl_tree-1.png","type":"image\/png"}],"twitter_card":"summary_large_image","twitter_misc":{"Est. reading time":"2 minutes"},"schema":{"@context":"https:\/\/schema.org","@graph":[{"@type":"WebPage","@id":"https:\/\/regina-fronhoffs.de\/was-erwartet-sie\/","url":"https:\/\/regina-fronhoffs.de\/was-erwartet-sie\/","name":"Was erwartet Sie? - Psychotherapie und Coaching","isPartOf":{"@id":"https:\/\/regina-fronhoffs.de\/#website"},"primaryImageOfPage":{"@id":"https:\/\/regina-fronhoffs.de\/was-erwartet-sie\/#primaryimage"},"image":{"@id":"https:\/\/regina-fronhoffs.de\/was-erwartet-sie\/#primaryimage"},"thumbnailUrl":"https:\/\/regina-fronhoffs.de\/wp-content\/uploads\/2023\/06\/girl_tree-1.png","datePublished":"2023-05-04T21:23:16+00:00","dateModified":"2025-01-27T22:33:16+00:00","breadcrumb":{"@id":"https:\/\/regina-fronhoffs.de\/was-erwartet-sie\/#breadcrumb"},"inLanguage":"en-US","potentialAction":[{"@type":"ReadAction","target":["https:\/\/regina-fronhoffs.de\/was-erwartet-sie\/"]}]},{"@type":"ImageObject","inLanguage":"en-US","@id":"https:\/\/regina-fronhoffs.de\/was-erwartet-sie\/#primaryimage","url":"https:\/\/regina-fronhoffs.de\/wp-content\/uploads\/2023\/06\/girl_tree-1.png","contentUrl":"https:\/\/regina-fronhoffs.de\/wp-content\/uploads\/2023\/06\/girl_tree-1.png"},{"@type":"BreadcrumbList","@id":"https:\/\/regina-fronhoffs.de\/was-erwartet-sie\/#breadcrumb","itemListElement":[{"@type":"ListItem","position":1,"name":"Startseite","item":"https:\/\/regina-fronhoffs.de\/"},{"@type":"ListItem","position":2,"name":"Was erwartet Sie?"}]},{"@type":"WebSite","@id":"https:\/\/regina-fronhoffs.de\/#website","url":"https:\/\/regina-fronhoffs.de\/","name":"Psychotherapie und Coaching","description":"private Praxis in Berlin-Wilmersdorf","publisher":{"@id":"https:\/\/regina-fronhoffs.de\/#organization"},"potentialAction":[{"@type":"SearchAction","target":{"@type":"EntryPoint","urlTemplate":"https:\/\/regina-fronhoffs.de\/?s={search_term_string}"},"query-input":{"@type":"PropertyValueSpecification","valueRequired":true,"valueName":"search_term_string"}}],"inLanguage":"en-US"},{"@type":"Organization","@id":"https:\/\/regina-fronhoffs.de\/#organization","name":"Psychotherapie und Coaching","url":"https:\/\/regina-fronhoffs.de\/","logo":{"@type":"ImageObject","inLanguage":"en-US","@id":"https:\/\/regina-fronhoffs.de\/#\/schema\/logo\/image\/","url":"https:\/\/regina-fronhoffs.de\/wp-content\/uploads\/2023\/05\/cropped-logoneu4.png","contentUrl":"https:\/\/regina-fronhoffs.de\/wp-content\/uploads\/2023\/05\/cropped-logoneu4.png","width":7466,"height":2046,"caption":"Psychotherapie und Coaching"},"image":{"@id":"https:\/\/regina-fronhoffs.de\/#\/schema\/logo\/image\/"}}]}},"_links":{"self":[{"href":"https:\/\/regina-fronhoffs.de\/en\/wp-json\/wp\/v2\/pages\/92","targetHints":{"allow":["GET"]}}],"collection":[{"href":"https:\/\/regina-fronhoffs.de\/en\/wp-json\/wp\/v2\/pages"}],"about":[{"href":"https:\/\/regina-fronhoffs.de\/en\/wp-json\/wp\/v2\/types\/page"}],"author":[{"embeddable":true,"href":"https:\/\/regina-fronhoffs.de\/en\/wp-json\/wp\/v2\/users\/1"}],"replies":[{"embeddable":true,"href":"https:\/\/regina-fronhoffs.de\/en\/wp-json\/wp\/v2\/comments?post=92"}],"version-history":[{"count":100,"href":"https:\/\/regina-fronhoffs.de\/en\/wp-json\/wp\/v2\/pages\/92\/revisions"}],"predecessor-version":[{"id":1596,"href":"https:\/\/regina-fronhoffs.de\/en\/wp-json\/wp\/v2\/pages\/92\/revisions\/1596"}],"wp:attachment":[{"href":"https:\/\/regina-fronhoffs.de\/en\/wp-json\/wp\/v2\/media?parent=92"}],"curies":[{"name":"wp","href":"https:\/\/api.w.org\/{rel}","templated":true}]}}