{"id":96,"date":"2023-05-04T23:24:14","date_gmt":"2023-05-04T21:24:14","guid":{"rendered":"https:\/\/regina-fronhoffs.de\/?page_id=96"},"modified":"2025-01-27T23:38:15","modified_gmt":"2025-01-27T22:38:15","slug":"kosten","status":"publish","type":"page","link":"https:\/\/regina-fronhoffs.de\/en\/kosten\/","title":{"rendered":"Cost"},"content":{"rendered":"<div data-elementor-type=\"wp-page\" data-elementor-id=\"96\" class=\"elementor elementor-96\">\n\t\t\t\t\t\t<section class=\"elementor-section elementor-top-section elementor-element elementor-element-19430134 elementor-section-boxed elementor-section-height-default elementor-section-height-default\" data-id=\"19430134\" data-element_type=\"section\" data-settings=\"{&quot;background_background&quot;:&quot;classic&quot;}\">\n\t\t\t\t\t\t\t<div class=\"elementor-background-overlay\"><\/div>\n\t\t\t\t\t\t\t<div class=\"elementor-container elementor-column-gap-default\">\n\t\t\t\t\t<div class=\"elementor-column elementor-col-50 elementor-top-column elementor-element elementor-element-1fe81757\" data-id=\"1fe81757\" data-element_type=\"column\">\n\t\t\t<div class=\"elementor-widget-wrap elementor-element-populated\">\n\t\t\t\t\t\t<div class=\"elementor-element elementor-element-4c2beb34 elementor-invisible elementor-widget elementor-widget-heading\" data-id=\"4c2beb34\" data-element_type=\"widget\" data-settings=\"{&quot;_animation&quot;:&quot;fadeIn&quot;}\" data-widget_type=\"heading.default\">\n\t\t\t\t<div class=\"elementor-widget-container\">\n\t\t\t\t\t<h1 class=\"elementor-heading-title elementor-size-default\">Cost<\/h1>\t\t\t\t<\/div>\n\t\t\t\t<\/div>\n\t\t\t\t\t<\/div>\n\t\t<\/div>\n\t\t\t\t<div class=\"elementor-column elementor-col-50 elementor-top-column elementor-element elementor-element-57c0080c\" data-id=\"57c0080c\" data-element_type=\"column\">\n\t\t\t<div class=\"elementor-widget-wrap elementor-element-populated\">\n\t\t\t\t\t\t<section class=\"elementor-section elementor-inner-section elementor-element elementor-element-1e84a5b1 elementor-section-boxed elementor-section-height-default elementor-section-height-default\" data-id=\"1e84a5b1\" data-element_type=\"section\" data-settings=\"{&quot;animation&quot;:&quot;none&quot;}\">\n\t\t\t\t\t\t<div class=\"elementor-container elementor-column-gap-default\">\n\t\t\t\t\t<div class=\"elementor-column elementor-col-100 elementor-inner-column elementor-element elementor-element-666102fa\" data-id=\"666102fa\" data-element_type=\"column\" data-settings=\"{&quot;animation&quot;:&quot;none&quot;}\">\n\t\t\t<div class=\"elementor-widget-wrap elementor-element-populated\">\n\t\t\t\t\t\t<div class=\"elementor-element elementor-element-73fcc70a animated-slow elementor-widget elementor-widget-image\" data-id=\"73fcc70a\" data-element_type=\"widget\" data-settings=\"{&quot;_animation&quot;:&quot;none&quot;}\" data-widget_type=\"image.default\">\n\t\t\t\t<div class=\"elementor-widget-container\">\n\t\t\t\t\t\t\t\t\t\t\t\t\t\t\t<img fetchpriority=\"high\" decoding=\"async\" width=\"1162\" height=\"1217\" src=\"https:\/\/regina-fronhoffs.de\/wp-content\/uploads\/2023\/06\/girl_tree-1.png\" class=\"attachment-full size-full wp-image-679\" alt=\"girl_tree\" srcset=\"https:\/\/regina-fronhoffs.de\/wp-content\/uploads\/2023\/06\/girl_tree-1.png 1162w, https:\/\/regina-fronhoffs.de\/wp-content\/uploads\/2023\/06\/girl_tree-1-286x300.png 286w, https:\/\/regina-fronhoffs.de\/wp-content\/uploads\/2023\/06\/girl_tree-1-978x1024.png 978w, https:\/\/regina-fronhoffs.de\/wp-content\/uploads\/2023\/06\/girl_tree-1-768x804.png 768w, https:\/\/regina-fronhoffs.de\/wp-content\/uploads\/2023\/06\/girl_tree-1-11x12.png 11w\" sizes=\"(max-width: 1162px) 100vw, 1162px\" \/>\t\t\t\t\t\t\t\t\t\t\t\t\t\t\t<\/div>\n\t\t\t\t<\/div>\n\t\t\t\t\t<\/div>\n\t\t<\/div>\n\t\t\t\t\t<\/div>\n\t\t<\/section>\n\t\t\t\t\t<\/div>\n\t\t<\/div>\n\t\t\t\t\t<\/div>\n\t\t<\/section>\n\t\t<div class=\"elementor-element elementor-element-ff94475 e-flex e-con-boxed e-con e-parent\" data-id=\"ff94475\" data-element_type=\"container\">\n\t\t\t\t\t<div class=\"e-con-inner\">\n\t\t<div class=\"elementor-element elementor-element-a4bba64 e-con-full e-flex e-con e-child\" data-id=\"a4bba64\" data-element_type=\"container\">\n\t\t\t\t<div class=\"elementor-element elementor-element-6543ddc elementor-widget elementor-widget-image\" data-id=\"6543ddc\" data-element_type=\"widget\" data-widget_type=\"image.default\">\n\t\t\t\t<div class=\"elementor-widget-container\">\n\t\t\t\t\t\t\t\t\t\t\t\t\t\t\t<img decoding=\"async\" width=\"1024\" height=\"683\" src=\"https:\/\/regina-fronhoffs.de\/wp-content\/uploads\/2023\/05\/AdobeStock_419042808-1024x683.jpeg\" class=\"attachment-large size-large wp-image-557\" alt=\"computer\" srcset=\"https:\/\/regina-fronhoffs.de\/wp-content\/uploads\/2023\/05\/AdobeStock_419042808-1024x683.jpeg 1024w, https:\/\/regina-fronhoffs.de\/wp-content\/uploads\/2023\/05\/AdobeStock_419042808-300x200.jpeg 300w, https:\/\/regina-fronhoffs.de\/wp-content\/uploads\/2023\/05\/AdobeStock_419042808-768x512.jpeg 768w, https:\/\/regina-fronhoffs.de\/wp-content\/uploads\/2023\/05\/AdobeStock_419042808-1536x1024.jpeg 1536w, https:\/\/regina-fronhoffs.de\/wp-content\/uploads\/2023\/05\/AdobeStock_419042808-2048x1365.jpeg 2048w, https:\/\/regina-fronhoffs.de\/wp-content\/uploads\/2023\/05\/AdobeStock_419042808-18x12.jpeg 18w\" sizes=\"(max-width: 1024px) 100vw, 1024px\" \/>\t\t\t\t\t\t\t\t\t\t\t\t\t\t\t<\/div>\n\t\t\t\t<\/div>\n\t\t\t\t<\/div>\n\t\t<div class=\"elementor-element elementor-element-c4b37ed e-con-full e-flex e-con e-child\" data-id=\"c4b37ed\" data-element_type=\"container\">\n\t\t\t\t<div class=\"elementor-element elementor-element-f35a9a5 elementor-widget elementor-widget-text-editor\" data-id=\"f35a9a5\" data-element_type=\"widget\" data-widget_type=\"text-editor.default\">\n\t\t\t\t<div class=\"elementor-widget-container\">\n\t\t\t\t\t\t\t\t\t<p><span style=\"color: #83415c;\"><b>Billing either as direct payer or in accordance with the German schedule of fees for alternative practitioners (Geb\u00fcH)<\/b><\/span><\/p><p><strong>Cost coverage of psychotherapy by health insurance companies:<\/strong><br \/>The cost of treatment in my practice will not be taken on by statutory health insurance. Whether private health insurance will cover the cost of treatment depends on the terms of your individual insurance contract<\/p><p><strong>Billing of coaching services:<\/strong><br \/>The cost of professional coaching might be taken on by your employer or can usually be claimed as tax exempt.<\/p>\t\t\t\t\t\t\t\t<\/div>\n\t\t\t\t<\/div>\n\t\t\t\t<\/div>\n\t\t\t\t\t<\/div>\n\t\t\t\t<\/div>\n\t\t\t\t<section class=\"elementor-section elementor-top-section elementor-element elementor-element-12cb2fc5 elementor-section-content-middle elementor-section-boxed elementor-section-height-default elementor-section-height-default\" data-id=\"12cb2fc5\" data-element_type=\"section\" data-settings=\"{&quot;background_background&quot;:&quot;classic&quot;}\">\n\t\t\t\t\t\t\t<div class=\"elementor-background-overlay\"><\/div>\n\t\t\t\t\t\t\t<div class=\"elementor-container elementor-column-gap-default\">\n\t\t\t\t\t<div class=\"elementor-column elementor-col-50 elementor-top-column elementor-element elementor-element-4bcb02ec\" data-id=\"4bcb02ec\" data-element_type=\"column\">\n\t\t\t<div class=\"elementor-widget-wrap elementor-element-populated\">\n\t\t\t\t\t\t<div class=\"elementor-element elementor-element-25faa06d elementor-widget elementor-widget-image\" data-id=\"25faa06d\" data-element_type=\"widget\" data-widget_type=\"image.default\">\n\t\t\t\t<div class=\"elementor-widget-container\">\n\t\t\t\t\t\t\t\t\t\t\t\t\t\t\t<img decoding=\"async\" width=\"1024\" height=\"838\" src=\"https:\/\/regina-fronhoffs.de\/wp-content\/uploads\/2023\/07\/can-we-talk-1024x838.jpeg\" class=\"attachment-large size-large wp-image-940\" alt=\"Can We Talk?\" srcset=\"https:\/\/regina-fronhoffs.de\/wp-content\/uploads\/2023\/07\/can-we-talk-1024x838.jpeg 1024w, https:\/\/regina-fronhoffs.de\/wp-content\/uploads\/2023\/07\/can-we-talk-300x245.jpeg 300w, https:\/\/regina-fronhoffs.de\/wp-content\/uploads\/2023\/07\/can-we-talk-768x628.jpeg 768w, https:\/\/regina-fronhoffs.de\/wp-content\/uploads\/2023\/07\/can-we-talk-1536x1256.jpeg 1536w, https:\/\/regina-fronhoffs.de\/wp-content\/uploads\/2023\/07\/can-we-talk-2048x1675.jpeg 2048w, https:\/\/regina-fronhoffs.de\/wp-content\/uploads\/2023\/07\/can-we-talk-15x12.jpeg 15w\" sizes=\"(max-width: 1024px) 100vw, 1024px\" \/>\t\t\t\t\t\t\t\t\t\t\t\t\t\t\t<\/div>\n\t\t\t\t<\/div>\n\t\t\t\t\t<\/div>\n\t\t<\/div>\n\t\t\t\t<div class=\"elementor-column elementor-col-50 elementor-top-column elementor-element elementor-element-5dc8988b\" data-id=\"5dc8988b\" data-element_type=\"column\">\n\t\t\t<div class=\"elementor-widget-wrap elementor-element-populated\">\n\t\t\t\t\t\t<div class=\"elementor-element elementor-element-7accac83 elementor-align-center elementor-tablet-align-center elementor-widget elementor-widget-button\" data-id=\"7accac83\" data-element_type=\"widget\" data-widget_type=\"button.default\">\n\t\t\t\t<div class=\"elementor-widget-container\">\n\t\t\t\t\t\t\t\t\t<div class=\"elementor-button-wrapper\">\n\t\t\t\t\t<a class=\"elementor-button elementor-button-link elementor-size-xl elementor-animation-shrink\" href=\"https:\/\/regina-fronhoffs.de\/en\/kontakt\/\">\n\t\t\t\t\t\t<span class=\"elementor-button-content-wrapper\">\n\t\t\t\t\t\t<span class=\"elementor-button-icon\">\n\t\t\t\t<i aria-hidden=\"true\" class=\"far fa-calendar-check\"><\/i>\t\t\t<\/span>\n\t\t\t\t\t\t\t\t\t<span class=\"elementor-button-text\">Make an appointment<\/span>\n\t\t\t\t\t<\/span>\n\t\t\t\t\t<\/a>\n\t\t\t\t<\/div>\n\t\t\t\t\t\t\t\t<\/div>\n\t\t\t\t<\/div>\n\t\t\t\t\t<\/div>\n\t\t<\/div>\n\t\t\t\t\t<\/div>\n\t\t<\/section>\n\t\t\t\t<\/div>","protected":false},"excerpt":{"rendered":"<p>Kosten Abrechnung als Selbstzahler oder nach der Geb\u00fchrenordnung f\u00fcr Heilpraktiker (Geb\u00fcH) Kosten\u00fcbernahme f\u00fcr Psychotherapie durch Ihre Krankenkasse:Die Kosten f\u00fcr eine Behandlung in meiner Praxis werden nicht von den gesetzlichen Krankenkassen \u00fcbernommen. Ob Ihre private Krankenkasse Behandlungskosten \u00fcbernimmt, h\u00e4ngt von den Bedingungen Ihres Versicherungsvertrages ab. Abrechnung von Coachingleistungen:Kosten f\u00fcr berufliches Coaching k\u00f6nnen von Ihrem Arbeitgeber \u00fcbernommen [&hellip;]<\/p>\n","protected":false},"author":1,"featured_media":0,"parent":0,"menu_order":0,"comment_status":"closed","ping_status":"closed","template":"","meta":{"footnotes":""},"class_list":["post-96","page","type-page","status-publish","hentry","entry"],"yoast_head":"<!-- This site is optimized with the Yoast SEO plugin v27.3 - https:\/\/yoast.com\/product\/yoast-seo-wordpress\/ -->\n<title>Kosten - Psychotherapie und Coaching<\/title>\n<meta name=\"robots\" content=\"index, follow, max-snippet:-1, max-image-preview:large, max-video-preview:-1\" \/>\n<link rel=\"canonical\" href=\"https:\/\/regina-fronhoffs.de\/en\/kosten\/\" \/>\n<meta property=\"og:locale\" content=\"en_US\" \/>\n<meta property=\"og:type\" content=\"article\" \/>\n<meta property=\"og:title\" content=\"Kosten - Psychotherapie und Coaching\" \/>\n<meta property=\"og:description\" content=\"Kosten Abrechnung als Selbstzahler oder nach der Geb\u00fchrenordnung f\u00fcr Heilpraktiker (Geb\u00fcH) Kosten\u00fcbernahme f\u00fcr Psychotherapie durch Ihre Krankenkasse:Die Kosten f\u00fcr eine Behandlung in meiner Praxis werden nicht von den gesetzlichen Krankenkassen \u00fcbernommen. Ob Ihre private Krankenkasse Behandlungskosten \u00fcbernimmt, h\u00e4ngt von den Bedingungen Ihres Versicherungsvertrages ab. Abrechnung von Coachingleistungen:Kosten f\u00fcr berufliches Coaching k\u00f6nnen von Ihrem Arbeitgeber \u00fcbernommen [&hellip;]\" \/>\n<meta property=\"og:url\" content=\"https:\/\/regina-fronhoffs.de\/en\/kosten\/\" \/>\n<meta property=\"og:site_name\" content=\"Psychotherapie und Coaching\" \/>\n<meta property=\"article:modified_time\" content=\"2025-01-27T22:38:15+00:00\" \/>\n<meta property=\"og:image\" content=\"https:\/\/regina-fronhoffs.de\/wp-content\/uploads\/2023\/06\/girl_tree-1.png\" \/>\n\t<meta property=\"og:image:width\" content=\"1162\" \/>\n\t<meta property=\"og:image:height\" content=\"1217\" \/>\n\t<meta property=\"og:image:type\" content=\"image\/png\" \/>\n<meta name=\"twitter:card\" content=\"summary_large_image\" \/>\n<meta name=\"twitter:label1\" content=\"Est. reading time\" \/>\n\t<meta name=\"twitter:data1\" content=\"1 minute\" \/>\n<script type=\"application\/ld+json\" class=\"yoast-schema-graph\">{\"@context\":\"https:\\\/\\\/schema.org\",\"@graph\":[{\"@type\":\"WebPage\",\"@id\":\"https:\\\/\\\/regina-fronhoffs.de\\\/kosten\\\/\",\"url\":\"https:\\\/\\\/regina-fronhoffs.de\\\/kosten\\\/\",\"name\":\"Kosten - Psychotherapie und Coaching\",\"isPartOf\":{\"@id\":\"https:\\\/\\\/regina-fronhoffs.de\\\/#website\"},\"primaryImageOfPage\":{\"@id\":\"https:\\\/\\\/regina-fronhoffs.de\\\/kosten\\\/#primaryimage\"},\"image\":{\"@id\":\"https:\\\/\\\/regina-fronhoffs.de\\\/kosten\\\/#primaryimage\"},\"thumbnailUrl\":\"https:\\\/\\\/regina-fronhoffs.de\\\/wp-content\\\/uploads\\\/2023\\\/06\\\/girl_tree-1.png\",\"datePublished\":\"2023-05-04T21:24:14+00:00\",\"dateModified\":\"2025-01-27T22:38:15+00:00\",\"breadcrumb\":{\"@id\":\"https:\\\/\\\/regina-fronhoffs.de\\\/kosten\\\/#breadcrumb\"},\"inLanguage\":\"en-US\",\"potentialAction\":[{\"@type\":\"ReadAction\",\"target\":[\"https:\\\/\\\/regina-fronhoffs.de\\\/kosten\\\/\"]}]},{\"@type\":\"ImageObject\",\"inLanguage\":\"en-US\",\"@id\":\"https:\\\/\\\/regina-fronhoffs.de\\\/kosten\\\/#primaryimage\",\"url\":\"https:\\\/\\\/regina-fronhoffs.de\\\/wp-content\\\/uploads\\\/2023\\\/06\\\/girl_tree-1.png\",\"contentUrl\":\"https:\\\/\\\/regina-fronhoffs.de\\\/wp-content\\\/uploads\\\/2023\\\/06\\\/girl_tree-1.png\"},{\"@type\":\"BreadcrumbList\",\"@id\":\"https:\\\/\\\/regina-fronhoffs.de\\\/kosten\\\/#breadcrumb\",\"itemListElement\":[{\"@type\":\"ListItem\",\"position\":1,\"name\":\"Startseite\",\"item\":\"https:\\\/\\\/regina-fronhoffs.de\\\/\"},{\"@type\":\"ListItem\",\"position\":2,\"name\":\"Kosten\"}]},{\"@type\":\"WebSite\",\"@id\":\"https:\\\/\\\/regina-fronhoffs.de\\\/#website\",\"url\":\"https:\\\/\\\/regina-fronhoffs.de\\\/\",\"name\":\"Psychotherapie und Coaching\",\"description\":\"private Praxis in Berlin-Wilmersdorf\",\"publisher\":{\"@id\":\"https:\\\/\\\/regina-fronhoffs.de\\\/#organization\"},\"potentialAction\":[{\"@type\":\"SearchAction\",\"target\":{\"@type\":\"EntryPoint\",\"urlTemplate\":\"https:\\\/\\\/regina-fronhoffs.de\\\/?s={search_term_string}\"},\"query-input\":{\"@type\":\"PropertyValueSpecification\",\"valueRequired\":true,\"valueName\":\"search_term_string\"}}],\"inLanguage\":\"en-US\"},{\"@type\":\"Organization\",\"@id\":\"https:\\\/\\\/regina-fronhoffs.de\\\/#organization\",\"name\":\"Psychotherapie und Coaching\",\"url\":\"https:\\\/\\\/regina-fronhoffs.de\\\/\",\"logo\":{\"@type\":\"ImageObject\",\"inLanguage\":\"en-US\",\"@id\":\"https:\\\/\\\/regina-fronhoffs.de\\\/#\\\/schema\\\/logo\\\/image\\\/\",\"url\":\"https:\\\/\\\/regina-fronhoffs.de\\\/wp-content\\\/uploads\\\/2023\\\/05\\\/cropped-logoneu4.png\",\"contentUrl\":\"https:\\\/\\\/regina-fronhoffs.de\\\/wp-content\\\/uploads\\\/2023\\\/05\\\/cropped-logoneu4.png\",\"width\":7466,\"height\":2046,\"caption\":\"Psychotherapie und Coaching\"},\"image\":{\"@id\":\"https:\\\/\\\/regina-fronhoffs.de\\\/#\\\/schema\\\/logo\\\/image\\\/\"}}]}<\/script>\n<!-- \/ Yoast SEO plugin. -->","yoast_head_json":{"title":"Kosten - Psychotherapie und Coaching","robots":{"index":"index","follow":"follow","max-snippet":"max-snippet:-1","max-image-preview":"max-image-preview:large","max-video-preview":"max-video-preview:-1"},"canonical":"https:\/\/regina-fronhoffs.de\/en\/kosten\/","og_locale":"en_US","og_type":"article","og_title":"Kosten - Psychotherapie und Coaching","og_description":"Kosten Abrechnung als Selbstzahler oder nach der Geb\u00fchrenordnung f\u00fcr Heilpraktiker (Geb\u00fcH) Kosten\u00fcbernahme f\u00fcr Psychotherapie durch Ihre Krankenkasse:Die Kosten f\u00fcr eine Behandlung in meiner Praxis werden nicht von den gesetzlichen Krankenkassen \u00fcbernommen. Ob Ihre private Krankenkasse Behandlungskosten \u00fcbernimmt, h\u00e4ngt von den Bedingungen Ihres Versicherungsvertrages ab. Abrechnung von Coachingleistungen:Kosten f\u00fcr berufliches Coaching k\u00f6nnen von Ihrem Arbeitgeber \u00fcbernommen [&hellip;]","og_url":"https:\/\/regina-fronhoffs.de\/en\/kosten\/","og_site_name":"Psychotherapie und Coaching","article_modified_time":"2025-01-27T22:38:15+00:00","og_image":[{"width":1162,"height":1217,"url":"https:\/\/regina-fronhoffs.de\/wp-content\/uploads\/2023\/06\/girl_tree-1.png","type":"image\/png"}],"twitter_card":"summary_large_image","twitter_misc":{"Est. reading time":"1 minute"},"schema":{"@context":"https:\/\/schema.org","@graph":[{"@type":"WebPage","@id":"https:\/\/regina-fronhoffs.de\/kosten\/","url":"https:\/\/regina-fronhoffs.de\/kosten\/","name":"Kosten - Psychotherapie und Coaching","isPartOf":{"@id":"https:\/\/regina-fronhoffs.de\/#website"},"primaryImageOfPage":{"@id":"https:\/\/regina-fronhoffs.de\/kosten\/#primaryimage"},"image":{"@id":"https:\/\/regina-fronhoffs.de\/kosten\/#primaryimage"},"thumbnailUrl":"https:\/\/regina-fronhoffs.de\/wp-content\/uploads\/2023\/06\/girl_tree-1.png","datePublished":"2023-05-04T21:24:14+00:00","dateModified":"2025-01-27T22:38:15+00:00","breadcrumb":{"@id":"https:\/\/regina-fronhoffs.de\/kosten\/#breadcrumb"},"inLanguage":"en-US","potentialAction":[{"@type":"ReadAction","target":["https:\/\/regina-fronhoffs.de\/kosten\/"]}]},{"@type":"ImageObject","inLanguage":"en-US","@id":"https:\/\/regina-fronhoffs.de\/kosten\/#primaryimage","url":"https:\/\/regina-fronhoffs.de\/wp-content\/uploads\/2023\/06\/girl_tree-1.png","contentUrl":"https:\/\/regina-fronhoffs.de\/wp-content\/uploads\/2023\/06\/girl_tree-1.png"},{"@type":"BreadcrumbList","@id":"https:\/\/regina-fronhoffs.de\/kosten\/#breadcrumb","itemListElement":[{"@type":"ListItem","position":1,"name":"Startseite","item":"https:\/\/regina-fronhoffs.de\/"},{"@type":"ListItem","position":2,"name":"Kosten"}]},{"@type":"WebSite","@id":"https:\/\/regina-fronhoffs.de\/#website","url":"https:\/\/regina-fronhoffs.de\/","name":"Psychotherapie und Coaching","description":"private Praxis in Berlin-Wilmersdorf","publisher":{"@id":"https:\/\/regina-fronhoffs.de\/#organization"},"potentialAction":[{"@type":"SearchAction","target":{"@type":"EntryPoint","urlTemplate":"https:\/\/regina-fronhoffs.de\/?s={search_term_string}"},"query-input":{"@type":"PropertyValueSpecification","valueRequired":true,"valueName":"search_term_string"}}],"inLanguage":"en-US"},{"@type":"Organization","@id":"https:\/\/regina-fronhoffs.de\/#organization","name":"Psychotherapie und Coaching","url":"https:\/\/regina-fronhoffs.de\/","logo":{"@type":"ImageObject","inLanguage":"en-US","@id":"https:\/\/regina-fronhoffs.de\/#\/schema\/logo\/image\/","url":"https:\/\/regina-fronhoffs.de\/wp-content\/uploads\/2023\/05\/cropped-logoneu4.png","contentUrl":"https:\/\/regina-fronhoffs.de\/wp-content\/uploads\/2023\/05\/cropped-logoneu4.png","width":7466,"height":2046,"caption":"Psychotherapie und Coaching"},"image":{"@id":"https:\/\/regina-fronhoffs.de\/#\/schema\/logo\/image\/"}}]}},"_links":{"self":[{"href":"https:\/\/regina-fronhoffs.de\/en\/wp-json\/wp\/v2\/pages\/96","targetHints":{"allow":["GET"]}}],"collection":[{"href":"https:\/\/regina-fronhoffs.de\/en\/wp-json\/wp\/v2\/pages"}],"about":[{"href":"https:\/\/regina-fronhoffs.de\/en\/wp-json\/wp\/v2\/types\/page"}],"author":[{"embeddable":true,"href":"https:\/\/regina-fronhoffs.de\/en\/wp-json\/wp\/v2\/users\/1"}],"replies":[{"embeddable":true,"href":"https:\/\/regina-fronhoffs.de\/en\/wp-json\/wp\/v2\/comments?post=96"}],"version-history":[{"count":61,"href":"https:\/\/regina-fronhoffs.de\/en\/wp-json\/wp\/v2\/pages\/96\/revisions"}],"predecessor-version":[{"id":1608,"href":"https:\/\/regina-fronhoffs.de\/en\/wp-json\/wp\/v2\/pages\/96\/revisions\/1608"}],"wp:attachment":[{"href":"https:\/\/regina-fronhoffs.de\/en\/wp-json\/wp\/v2\/media?parent=96"}],"curies":[{"name":"wp","href":"https:\/\/api.w.org\/{rel}","templated":true}]}}